{"id":74,"date":"2019-11-29T21:27:57","date_gmt":"2019-11-29T21:27:57","guid":{"rendered":"http:\/\/jfacroll.com\/?page_id=74"},"modified":"2023-01-27T21:18:07","modified_gmt":"2023-01-27T20:18:07","slug":"tejedoras-de-almas","status":"publish","type":"page","link":"https:\/\/jfacroll.com\/index.php\/tejedoras-de-almas\/","title":{"rendered":"Tejedoras de almas"},"content":{"rendered":"\n<figure class=\"wp-block-embed alignright is-type-rich is-provider-amazon wp-block-embed-amazon\"><div class=\"wp-block-embed__wrapper\">\n<iframe loading=\"lazy\" title=\"TEJEDORAS DE ALMAS: EL CONCILIO DE LOS UNGIDOS: PRIMERA PARTE DE LA SAGA DE FANTAS\u00cdA \u00c9PICA\" type=\"text\/html\" width=\"740\" height=\"550\" frameborder=\"0\" allowfullscreen style=\"max-width:100%\" src=\"https:\/\/leer.amazon.es\/kp\/card?preview=inline&#038;linkCode=kpd&#038;ref_=k4w_oembed_bKIOKsWKfDkvYx&#038;asin=B08R2ZPJVT&#038;tag=kpembed-20\"><\/iframe>\n<\/div><\/figure>\n\n\n\n<p>   Tras a\u00f1os de tensa paz, el mundo m\u00e1gico de Ma\u2019oz ve como su estabilidad se ve amenazada por un peligroso mal que acecha a sus reinos. La \u00fanica salvaci\u00f3n para hacer frente al peligro, ser\u00e1 encontrar a dos ni\u00f1as, Hyra y Destino, poseedoras de un ancestral don, conocido como el don de las tejedoras de almas. Juntas, tendr\u00e1n que hacer frente a un mal desconocido que amenaza con destruir todo lo que aman. Contar\u00e1n con la inestimable ayuda de una misteriosa ninfa y tres asesinas, las Hijas del Desierto, que tratar\u00e1n por todos los medios de ayudar a las j\u00f3venes a aprender a controlar su magia y hacer frente al peligro. El mundo de Ma\u2019oz, por su parte, se sumir\u00e1 en una lucha de poder entre los diferentes reinos, que tratar\u00e1n de ganarse el favor de las Tejedoras de almas para salir victoriosos. Elfos, enanos, amazonas, b\u00e1rbaros y otras fascinantes criaturas se enfrentar\u00e1n para lograr salir airosos de una batalla que, antes o despu\u00e9s, todos tendr\u00e1n que librar. <\/p>\n","protected":false},"excerpt":{"rendered":"<p>Tras a\u00f1os de tensa paz, el mundo m\u00e1gico de Ma\u2019oz ve como su estabilidad se ve amenazada por un peligroso mal que acecha a sus reinos. La \u00fanica salvaci\u00f3n para hacer frente al peligro, ser\u00e1 encontrar a dos ni\u00f1as, Hyra y Destino, poseedoras de un ancestral don, conocido como el don de las tejedoras de [&hellip;]<\/p>\n","protected":false},"author":1,"featured_media":210,"parent":0,"menu_order":0,"comment_status":"closed","ping_status":"closed","template":"","meta":{"footnotes":""},"yoast_head":"<!-- This site is optimized with the Yoast SEO plugin v22.5 - https:\/\/yoast.com\/wordpress\/plugins\/seo\/ -->\n<title>Tejedoras de almas - J.F. Acroll<\/title>\n<meta name=\"robots\" content=\"index, follow, max-snippet:-1, max-image-preview:large, max-video-preview:-1\" \/>\n<link rel=\"canonical\" href=\"https:\/\/jfacroll.com\/index.php\/tejedoras-de-almas\/\" \/>\n<meta property=\"og:locale\" content=\"es_ES\" \/>\n<meta property=\"og:type\" content=\"article\" \/>\n<meta property=\"og:title\" content=\"Tejedoras de almas - J.F. Acroll\" \/>\n<meta property=\"og:description\" content=\"Tras a\u00f1os de tensa paz, el mundo m\u00e1gico de Ma\u2019oz ve como su estabilidad se ve amenazada por un peligroso mal que acecha a sus reinos. La \u00fanica salvaci\u00f3n para hacer frente al peligro, ser\u00e1 encontrar a dos ni\u00f1as, Hyra y Destino, poseedoras de un ancestral don, conocido como el don de las tejedoras de [&hellip;]\" \/>\n<meta property=\"og:url\" content=\"https:\/\/jfacroll.com\/index.php\/tejedoras-de-almas\/\" \/>\n<meta property=\"og:site_name\" content=\"J.F. Acroll\" \/>\n<meta property=\"article:publisher\" content=\"https:\/\/twitter.com\/JFAcroll\" \/>\n<meta property=\"article:modified_time\" content=\"2023-01-27T20:18:07+00:00\" \/>\n<meta property=\"og:image\" content=\"https:\/\/jfacroll.com\/wp-content\/uploads\/2021\/01\/Portada-2500-pixels-724x1024.jpg\" \/>\n\t<meta property=\"og:image:width\" content=\"724\" \/>\n\t<meta property=\"og:image:height\" content=\"1024\" \/>\n\t<meta property=\"og:image:type\" content=\"image\/jpeg\" \/>\n<meta name=\"twitter:card\" content=\"summary_large_image\" \/>\n<meta name=\"twitter:site\" content=\"@JFAcroll\" \/>\n<meta name=\"twitter:label1\" content=\"Tiempo de lectura\" \/>\n\t<meta name=\"twitter:data1\" content=\"1 minuto\" \/>\n<script type=\"application\/ld+json\" class=\"yoast-schema-graph\">{\"@context\":\"https:\/\/schema.org\",\"@graph\":[{\"@type\":\"WebPage\",\"@id\":\"https:\/\/jfacroll.com\/index.php\/tejedoras-de-almas\/\",\"url\":\"https:\/\/jfacroll.com\/index.php\/tejedoras-de-almas\/\",\"name\":\"Tejedoras de almas - J.F. Acroll\",\"isPartOf\":{\"@id\":\"https:\/\/jfacroll.com\/#website\"},\"primaryImageOfPage\":{\"@id\":\"https:\/\/jfacroll.com\/index.php\/tejedoras-de-almas\/#primaryimage\"},\"image\":{\"@id\":\"https:\/\/jfacroll.com\/index.php\/tejedoras-de-almas\/#primaryimage\"},\"thumbnailUrl\":\"https:\/\/jfacroll.com\/wp-content\/uploads\/2021\/01\/Portada-2500-pixels.jpg\",\"datePublished\":\"2019-11-29T21:27:57+00:00\",\"dateModified\":\"2023-01-27T20:18:07+00:00\",\"breadcrumb\":{\"@id\":\"https:\/\/jfacroll.com\/index.php\/tejedoras-de-almas\/#breadcrumb\"},\"inLanguage\":\"es\",\"potentialAction\":[{\"@type\":\"ReadAction\",\"target\":[\"https:\/\/jfacroll.com\/index.php\/tejedoras-de-almas\/\"]}]},{\"@type\":\"ImageObject\",\"inLanguage\":\"es\",\"@id\":\"https:\/\/jfacroll.com\/index.php\/tejedoras-de-almas\/#primaryimage\",\"url\":\"https:\/\/jfacroll.com\/wp-content\/uploads\/2021\/01\/Portada-2500-pixels.jpg\",\"contentUrl\":\"https:\/\/jfacroll.com\/wp-content\/uploads\/2021\/01\/Portada-2500-pixels.jpg\",\"width\":1767,\"height\":2500,\"caption\":\"Tejedoras de almas\"},{\"@type\":\"BreadcrumbList\",\"@id\":\"https:\/\/jfacroll.com\/index.php\/tejedoras-de-almas\/#breadcrumb\",\"itemListElement\":[{\"@type\":\"ListItem\",\"position\":1,\"name\":\"Home\",\"item\":\"https:\/\/jfacroll.com\/\"},{\"@type\":\"ListItem\",\"position\":2,\"name\":\"Tejedoras de almas\"}]},{\"@type\":\"WebSite\",\"@id\":\"https:\/\/jfacroll.com\/#website\",\"url\":\"https:\/\/jfacroll.com\/\",\"name\":\"J.F. Acroll\",\"description\":\"Bienvenidos a Ma&#039;oz\",\"potentialAction\":[{\"@type\":\"SearchAction\",\"target\":{\"@type\":\"EntryPoint\",\"urlTemplate\":\"https:\/\/jfacroll.com\/?s={search_term_string}\"},\"query-input\":\"required name=search_term_string\"}],\"inLanguage\":\"es\"}]}<\/script>\n<!-- \/ Yoast SEO plugin. -->","yoast_head_json":{"title":"Tejedoras de almas - J.F. Acroll","robots":{"index":"index","follow":"follow","max-snippet":"max-snippet:-1","max-image-preview":"max-image-preview:large","max-video-preview":"max-video-preview:-1"},"canonical":"https:\/\/jfacroll.com\/index.php\/tejedoras-de-almas\/","og_locale":"es_ES","og_type":"article","og_title":"Tejedoras de almas - J.F. Acroll","og_description":"Tras a\u00f1os de tensa paz, el mundo m\u00e1gico de Ma\u2019oz ve como su estabilidad se ve amenazada por un peligroso mal que acecha a sus reinos. La \u00fanica salvaci\u00f3n para hacer frente al peligro, ser\u00e1 encontrar a dos ni\u00f1as, Hyra y Destino, poseedoras de un ancestral don, conocido como el don de las tejedoras de [&hellip;]","og_url":"https:\/\/jfacroll.com\/index.php\/tejedoras-de-almas\/","og_site_name":"J.F. Acroll","article_publisher":"https:\/\/twitter.com\/JFAcroll","article_modified_time":"2023-01-27T20:18:07+00:00","og_image":[{"width":724,"height":1024,"url":"https:\/\/jfacroll.com\/wp-content\/uploads\/2021\/01\/Portada-2500-pixels-724x1024.jpg","type":"image\/jpeg"}],"twitter_card":"summary_large_image","twitter_site":"@JFAcroll","twitter_misc":{"Tiempo de lectura":"1 minuto"},"schema":{"@context":"https:\/\/schema.org","@graph":[{"@type":"WebPage","@id":"https:\/\/jfacroll.com\/index.php\/tejedoras-de-almas\/","url":"https:\/\/jfacroll.com\/index.php\/tejedoras-de-almas\/","name":"Tejedoras de almas - J.F. Acroll","isPartOf":{"@id":"https:\/\/jfacroll.com\/#website"},"primaryImageOfPage":{"@id":"https:\/\/jfacroll.com\/index.php\/tejedoras-de-almas\/#primaryimage"},"image":{"@id":"https:\/\/jfacroll.com\/index.php\/tejedoras-de-almas\/#primaryimage"},"thumbnailUrl":"https:\/\/jfacroll.com\/wp-content\/uploads\/2021\/01\/Portada-2500-pixels.jpg","datePublished":"2019-11-29T21:27:57+00:00","dateModified":"2023-01-27T20:18:07+00:00","breadcrumb":{"@id":"https:\/\/jfacroll.com\/index.php\/tejedoras-de-almas\/#breadcrumb"},"inLanguage":"es","potentialAction":[{"@type":"ReadAction","target":["https:\/\/jfacroll.com\/index.php\/tejedoras-de-almas\/"]}]},{"@type":"ImageObject","inLanguage":"es","@id":"https:\/\/jfacroll.com\/index.php\/tejedoras-de-almas\/#primaryimage","url":"https:\/\/jfacroll.com\/wp-content\/uploads\/2021\/01\/Portada-2500-pixels.jpg","contentUrl":"https:\/\/jfacroll.com\/wp-content\/uploads\/2021\/01\/Portada-2500-pixels.jpg","width":1767,"height":2500,"caption":"Tejedoras de almas"},{"@type":"BreadcrumbList","@id":"https:\/\/jfacroll.com\/index.php\/tejedoras-de-almas\/#breadcrumb","itemListElement":[{"@type":"ListItem","position":1,"name":"Home","item":"https:\/\/jfacroll.com\/"},{"@type":"ListItem","position":2,"name":"Tejedoras de almas"}]},{"@type":"WebSite","@id":"https:\/\/jfacroll.com\/#website","url":"https:\/\/jfacroll.com\/","name":"J.F. Acroll","description":"Bienvenidos a Ma&#039;oz","potentialAction":[{"@type":"SearchAction","target":{"@type":"EntryPoint","urlTemplate":"https:\/\/jfacroll.com\/?s={search_term_string}"},"query-input":"required name=search_term_string"}],"inLanguage":"es"}]}},"_links":{"self":[{"href":"https:\/\/jfacroll.com\/index.php\/wp-json\/wp\/v2\/pages\/74"}],"collection":[{"href":"https:\/\/jfacroll.com\/index.php\/wp-json\/wp\/v2\/pages"}],"about":[{"href":"https:\/\/jfacroll.com\/index.php\/wp-json\/wp\/v2\/types\/page"}],"author":[{"embeddable":true,"href":"https:\/\/jfacroll.com\/index.php\/wp-json\/wp\/v2\/users\/1"}],"replies":[{"embeddable":true,"href":"https:\/\/jfacroll.com\/index.php\/wp-json\/wp\/v2\/comments?post=74"}],"version-history":[{"count":10,"href":"https:\/\/jfacroll.com\/index.php\/wp-json\/wp\/v2\/pages\/74\/revisions"}],"predecessor-version":[{"id":539,"href":"https:\/\/jfacroll.com\/index.php\/wp-json\/wp\/v2\/pages\/74\/revisions\/539"}],"wp:featuredmedia":[{"embeddable":true,"href":"https:\/\/jfacroll.com\/index.php\/wp-json\/wp\/v2\/media\/210"}],"wp:attachment":[{"href":"https:\/\/jfacroll.com\/index.php\/wp-json\/wp\/v2\/media?parent=74"}],"curies":[{"name":"wp","href":"https:\/\/api.w.org\/{rel}","templated":true}]}}