{"id":492,"date":"2022-04-29T12:49:25","date_gmt":"2022-04-29T11:49:25","guid":{"rendered":"https:\/\/jfacroll.com\/?page_id=492"},"modified":"2022-04-29T13:27:27","modified_gmt":"2022-04-29T12:27:27","slug":"reinas-negras","status":"publish","type":"page","link":"https:\/\/jfacroll.com\/index.php\/reinas-negras\/","title":{"rendered":"Reinas Negras"},"content":{"rendered":"\n<p>Cuando Dora pierde a su abuela, el \u00faltimo miembro de su familia, se ve obligada a emprender un terror\u00edfico viaje a trav\u00e9s de las tierras de las Reinas Negras para alcanzar el Reino Blanco. <\/p>\n\n\n\n<p>La joven Dora tendr\u00e1 se enfrentar\u00e1 a la oscuridad que gobierna las tierras de la Reina Gris, la Reina Negra, la Reina Miedo, la Reina Anne, la Reina Noche y la Reina Sue. <\/p>\n\n\n\n<p>En Reinas Negras, descubrir\u00e1s el camino que el autor ha transitado haciendo frente a sentimientos como la inseguridad, el autorechazo, el miedo, la ansiedad, la depresi\u00f3n o las ideaciones suicidas, hasta llegar a la autoaceptaci\u00f3n, el amor propio y la pasi\u00f3n por la vida.<\/p>\n\n\n\n<p>Reinas Negras ser\u00e1 mi apuesta para participar en el <a href=\"https:\/\/www.amazon.es\/b?ie=UTF8&amp;node=12641858031\">Premio Literario  Amazon Storyteller 2022.<\/a> Este a\u00f1o, lo har\u00e9 con un libro \u00edntimo y personal, en el que compartir\u00e9 con mis almas lectoras algunos de mis m\u00e1s oscuros pensamientos, miedos e inseguridades. Reinas Negras es, hasta la fecha, el libro en el que m\u00e1s claro hablar\u00e9 de los sentimientos que me han atormentado durante los \u00faltimos meses, con el fin de compartirlos para que toda aquella persona que pase por algo similar encuentre un poco de esperanza en la historia de Dora. <\/p>\n\n\n\n<p>DISPONIBLE PR\u00d3XIMAMENTE. <\/p>\n\n\n\n<p>SI QUIERES ESTAR AL TANTO DEL LANZAMIENTO, PRESENTACIONES Y OFERTAS, AP\u00daNTANTE A MI <a href=\"https:\/\/jfacroll.com\/index.php\/novedades\/\">LISTA DE DISTRIBUCI\u00d3N AQU\u00cd. <\/a><\/p>\n\n\n\n<div class=\"wp-block-image\"><figure class=\"aligncenter size-large\"><img decoding=\"async\" loading=\"lazy\" width=\"576\" height=\"1024\" src=\"https:\/\/jfacroll.com\/wp-content\/uploads\/2022\/04\/reinas-negras-576x1024.png\" alt=\"Reinas Negras\" class=\"wp-image-493\" srcset=\"https:\/\/jfacroll.com\/wp-content\/uploads\/2022\/04\/reinas-negras-576x1024.png 576w, https:\/\/jfacroll.com\/wp-content\/uploads\/2022\/04\/reinas-negras-169x300.png 169w, https:\/\/jfacroll.com\/wp-content\/uploads\/2022\/04\/reinas-negras-768x1365.png 768w, https:\/\/jfacroll.com\/wp-content\/uploads\/2022\/04\/reinas-negras-864x1536.png 864w, https:\/\/jfacroll.com\/wp-content\/uploads\/2022\/04\/reinas-negras.png 1080w\" sizes=\"(max-width: 576px) 100vw, 576px\" \/><\/figure><\/div>\n","protected":false},"excerpt":{"rendered":"<p>Cuando Dora pierde a su abuela, el \u00faltimo miembro de su familia, se ve obligada a emprender un terror\u00edfico viaje a trav\u00e9s de las tierras de las Reinas Negras para alcanzar el Reino Blanco. La joven Dora tendr\u00e1 se enfrentar\u00e1 a la oscuridad que gobierna las tierras de la Reina Gris, la Reina Negra, la [&hellip;]<\/p>\n","protected":false},"author":1,"featured_media":493,"parent":0,"menu_order":0,"comment_status":"closed","ping_status":"closed","template":"","meta":{"footnotes":""},"yoast_head":"<!-- This site is optimized with the Yoast SEO plugin v22.5 - https:\/\/yoast.com\/wordpress\/plugins\/seo\/ -->\n<title>Reinas Negras - J.F. Acroll<\/title>\n<meta name=\"description\" content=\"Reinas Negras narra la historia de la joven Dora, que debe atravesar las tierras de las Reinas Negras para alcanzar el reino de luz.\" \/>\n<meta name=\"robots\" content=\"index, follow, max-snippet:-1, max-image-preview:large, max-video-preview:-1\" \/>\n<link rel=\"canonical\" href=\"https:\/\/jfacroll.com\/index.php\/reinas-negras\/\" \/>\n<meta property=\"og:locale\" content=\"es_ES\" \/>\n<meta property=\"og:type\" content=\"article\" \/>\n<meta property=\"og:title\" content=\"Reinas Negras - J.F. Acroll\" \/>\n<meta property=\"og:description\" content=\"Reinas Negras narra la historia de la joven Dora, que debe atravesar las tierras de las Reinas Negras para alcanzar el reino de luz.\" \/>\n<meta property=\"og:url\" content=\"https:\/\/jfacroll.com\/index.php\/reinas-negras\/\" \/>\n<meta property=\"og:site_name\" content=\"J.F. Acroll\" \/>\n<meta property=\"article:publisher\" content=\"https:\/\/twitter.com\/JFAcroll\" \/>\n<meta property=\"article:modified_time\" content=\"2022-04-29T12:27:27+00:00\" \/>\n<meta property=\"og:image\" content=\"https:\/\/jfacroll.com\/wp-content\/uploads\/2022\/04\/reinas-negras.png\" \/>\n\t<meta property=\"og:image:width\" content=\"1080\" \/>\n\t<meta property=\"og:image:height\" content=\"1920\" \/>\n\t<meta property=\"og:image:type\" content=\"image\/png\" \/>\n<meta name=\"twitter:card\" content=\"summary_large_image\" \/>\n<meta name=\"twitter:site\" content=\"@JFAcroll\" \/>\n<meta name=\"twitter:label1\" content=\"Tiempo de lectura\" \/>\n\t<meta name=\"twitter:data1\" content=\"2 minutos\" \/>\n<script type=\"application\/ld+json\" class=\"yoast-schema-graph\">{\"@context\":\"https:\/\/schema.org\",\"@graph\":[{\"@type\":\"WebPage\",\"@id\":\"https:\/\/jfacroll.com\/index.php\/reinas-negras\/\",\"url\":\"https:\/\/jfacroll.com\/index.php\/reinas-negras\/\",\"name\":\"Reinas Negras - J.F. Acroll\",\"isPartOf\":{\"@id\":\"https:\/\/jfacroll.com\/#website\"},\"primaryImageOfPage\":{\"@id\":\"https:\/\/jfacroll.com\/index.php\/reinas-negras\/#primaryimage\"},\"image\":{\"@id\":\"https:\/\/jfacroll.com\/index.php\/reinas-negras\/#primaryimage\"},\"thumbnailUrl\":\"https:\/\/jfacroll.com\/wp-content\/uploads\/2022\/04\/reinas-negras.png\",\"datePublished\":\"2022-04-29T11:49:25+00:00\",\"dateModified\":\"2022-04-29T12:27:27+00:00\",\"description\":\"Reinas Negras narra la historia de la joven Dora, que debe atravesar las tierras de las Reinas Negras para alcanzar el reino de luz.\",\"breadcrumb\":{\"@id\":\"https:\/\/jfacroll.com\/index.php\/reinas-negras\/#breadcrumb\"},\"inLanguage\":\"es\",\"potentialAction\":[{\"@type\":\"ReadAction\",\"target\":[\"https:\/\/jfacroll.com\/index.php\/reinas-negras\/\"]}]},{\"@type\":\"ImageObject\",\"inLanguage\":\"es\",\"@id\":\"https:\/\/jfacroll.com\/index.php\/reinas-negras\/#primaryimage\",\"url\":\"https:\/\/jfacroll.com\/wp-content\/uploads\/2022\/04\/reinas-negras.png\",\"contentUrl\":\"https:\/\/jfacroll.com\/wp-content\/uploads\/2022\/04\/reinas-negras.png\",\"width\":1080,\"height\":1920,\"caption\":\"Reinas Negras\"},{\"@type\":\"BreadcrumbList\",\"@id\":\"https:\/\/jfacroll.com\/index.php\/reinas-negras\/#breadcrumb\",\"itemListElement\":[{\"@type\":\"ListItem\",\"position\":1,\"name\":\"Home\",\"item\":\"https:\/\/jfacroll.com\/\"},{\"@type\":\"ListItem\",\"position\":2,\"name\":\"Reinas Negras\"}]},{\"@type\":\"WebSite\",\"@id\":\"https:\/\/jfacroll.com\/#website\",\"url\":\"https:\/\/jfacroll.com\/\",\"name\":\"J.F. Acroll\",\"description\":\"Bienvenidos a Ma&#039;oz\",\"potentialAction\":[{\"@type\":\"SearchAction\",\"target\":{\"@type\":\"EntryPoint\",\"urlTemplate\":\"https:\/\/jfacroll.com\/?s={search_term_string}\"},\"query-input\":\"required name=search_term_string\"}],\"inLanguage\":\"es\"}]}<\/script>\n<!-- \/ Yoast SEO plugin. -->","yoast_head_json":{"title":"Reinas Negras - J.F. Acroll","description":"Reinas Negras narra la historia de la joven Dora, que debe atravesar las tierras de las Reinas Negras para alcanzar el reino de luz.","robots":{"index":"index","follow":"follow","max-snippet":"max-snippet:-1","max-image-preview":"max-image-preview:large","max-video-preview":"max-video-preview:-1"},"canonical":"https:\/\/jfacroll.com\/index.php\/reinas-negras\/","og_locale":"es_ES","og_type":"article","og_title":"Reinas Negras - J.F. Acroll","og_description":"Reinas Negras narra la historia de la joven Dora, que debe atravesar las tierras de las Reinas Negras para alcanzar el reino de luz.","og_url":"https:\/\/jfacroll.com\/index.php\/reinas-negras\/","og_site_name":"J.F. Acroll","article_publisher":"https:\/\/twitter.com\/JFAcroll","article_modified_time":"2022-04-29T12:27:27+00:00","og_image":[{"width":1080,"height":1920,"url":"https:\/\/jfacroll.com\/wp-content\/uploads\/2022\/04\/reinas-negras.png","type":"image\/png"}],"twitter_card":"summary_large_image","twitter_site":"@JFAcroll","twitter_misc":{"Tiempo de lectura":"2 minutos"},"schema":{"@context":"https:\/\/schema.org","@graph":[{"@type":"WebPage","@id":"https:\/\/jfacroll.com\/index.php\/reinas-negras\/","url":"https:\/\/jfacroll.com\/index.php\/reinas-negras\/","name":"Reinas Negras - J.F. Acroll","isPartOf":{"@id":"https:\/\/jfacroll.com\/#website"},"primaryImageOfPage":{"@id":"https:\/\/jfacroll.com\/index.php\/reinas-negras\/#primaryimage"},"image":{"@id":"https:\/\/jfacroll.com\/index.php\/reinas-negras\/#primaryimage"},"thumbnailUrl":"https:\/\/jfacroll.com\/wp-content\/uploads\/2022\/04\/reinas-negras.png","datePublished":"2022-04-29T11:49:25+00:00","dateModified":"2022-04-29T12:27:27+00:00","description":"Reinas Negras narra la historia de la joven Dora, que debe atravesar las tierras de las Reinas Negras para alcanzar el reino de luz.","breadcrumb":{"@id":"https:\/\/jfacroll.com\/index.php\/reinas-negras\/#breadcrumb"},"inLanguage":"es","potentialAction":[{"@type":"ReadAction","target":["https:\/\/jfacroll.com\/index.php\/reinas-negras\/"]}]},{"@type":"ImageObject","inLanguage":"es","@id":"https:\/\/jfacroll.com\/index.php\/reinas-negras\/#primaryimage","url":"https:\/\/jfacroll.com\/wp-content\/uploads\/2022\/04\/reinas-negras.png","contentUrl":"https:\/\/jfacroll.com\/wp-content\/uploads\/2022\/04\/reinas-negras.png","width":1080,"height":1920,"caption":"Reinas Negras"},{"@type":"BreadcrumbList","@id":"https:\/\/jfacroll.com\/index.php\/reinas-negras\/#breadcrumb","itemListElement":[{"@type":"ListItem","position":1,"name":"Home","item":"https:\/\/jfacroll.com\/"},{"@type":"ListItem","position":2,"name":"Reinas Negras"}]},{"@type":"WebSite","@id":"https:\/\/jfacroll.com\/#website","url":"https:\/\/jfacroll.com\/","name":"J.F. Acroll","description":"Bienvenidos a Ma&#039;oz","potentialAction":[{"@type":"SearchAction","target":{"@type":"EntryPoint","urlTemplate":"https:\/\/jfacroll.com\/?s={search_term_string}"},"query-input":"required name=search_term_string"}],"inLanguage":"es"}]}},"_links":{"self":[{"href":"https:\/\/jfacroll.com\/index.php\/wp-json\/wp\/v2\/pages\/492"}],"collection":[{"href":"https:\/\/jfacroll.com\/index.php\/wp-json\/wp\/v2\/pages"}],"about":[{"href":"https:\/\/jfacroll.com\/index.php\/wp-json\/wp\/v2\/types\/page"}],"author":[{"embeddable":true,"href":"https:\/\/jfacroll.com\/index.php\/wp-json\/wp\/v2\/users\/1"}],"replies":[{"embeddable":true,"href":"https:\/\/jfacroll.com\/index.php\/wp-json\/wp\/v2\/comments?post=492"}],"version-history":[{"count":3,"href":"https:\/\/jfacroll.com\/index.php\/wp-json\/wp\/v2\/pages\/492\/revisions"}],"predecessor-version":[{"id":498,"href":"https:\/\/jfacroll.com\/index.php\/wp-json\/wp\/v2\/pages\/492\/revisions\/498"}],"wp:featuredmedia":[{"embeddable":true,"href":"https:\/\/jfacroll.com\/index.php\/wp-json\/wp\/v2\/media\/493"}],"wp:attachment":[{"href":"https:\/\/jfacroll.com\/index.php\/wp-json\/wp\/v2\/media?parent=492"}],"curies":[{"name":"wp","href":"https:\/\/api.w.org\/{rel}","templated":true}]}}