{"id":356,"date":"2021-10-28T18:50:34","date_gmt":"2021-10-28T18:50:34","guid":{"rendered":"https:\/\/jfacroll.com\/?page_id=356"},"modified":"2023-03-16T12:19:46","modified_gmt":"2023-03-16T11:19:46","slug":"el-hombre","status":"publish","type":"page","link":"https:\/\/jfacroll.com\/index.php\/el-hombre\/","title":{"rendered":"El Hombre"},"content":{"rendered":"\n<p class=\"has-text-align-center\">SAGA MATRIARCAS<\/p>\n\n\n\n<p class=\"has-text-align-center\">Un grupo de amigos recorre Sierra Nevada ajeno a todo lo que ocurre a su alrededor. En el peque\u00f1o pueblo de Soport\u00fajar, un akelarre de brujas trata desde hace siglos de traer de vuelta a la vida a las tres Matriarcas: tres poderosas hechiceras capaces de lanzar el conjuro necesario para extender las sombras del reino de Sat\u00e1n por el mundo de los hombres. El grupo de amigos se ver\u00e1 envuelto en una cacer\u00eda sangrienta con un \u00fanico objetivo: devolver a la vida a las Matriarcas, ejecutadas por la Inquisici\u00f3n en 1521. <\/p>\n\n\n<div class=\"wp-block-image\">\n<figure class=\"aligncenter size-large\"><img decoding=\"async\" loading=\"lazy\" width=\"683\" height=\"1024\" src=\"https:\/\/jfacroll.com\/wp-content\/uploads\/2021\/10\/port6x9-683x1024.jpg\" alt=\"el hombre\" class=\"wp-image-399\" srcset=\"https:\/\/jfacroll.com\/wp-content\/uploads\/2021\/10\/port6x9-683x1024.jpg 683w, https:\/\/jfacroll.com\/wp-content\/uploads\/2021\/10\/port6x9-200x300.jpg 200w, https:\/\/jfacroll.com\/wp-content\/uploads\/2021\/10\/port6x9-768x1152.jpg 768w, https:\/\/jfacroll.com\/wp-content\/uploads\/2021\/10\/port6x9-1024x1536.jpg 1024w, https:\/\/jfacroll.com\/wp-content\/uploads\/2021\/10\/port6x9-1365x2048.jpg 1365w, https:\/\/jfacroll.com\/wp-content\/uploads\/2021\/10\/port6x9-1440x2160.jpg 1440w, https:\/\/jfacroll.com\/wp-content\/uploads\/2021\/10\/port6x9-scaled.jpg 1707w\" sizes=\"(max-width: 683px) 100vw, 683px\" \/><\/figure><\/div>\n\n\n<div class=\"wp-block-file\"><a id=\"wp-block-file--media-cd64aa68-bfc2-4ba7-be91-9d1cc4bf2b9d\" href=\"https:\/\/jfacroll.com\/wp-content\/uploads\/2021\/10\/Prologo.pdf\">Pr\u00f3logo<\/a><a href=\"https:\/\/jfacroll.com\/wp-content\/uploads\/2021\/10\/Prologo.pdf\" class=\"wp-block-file__button wp-element-button\" download aria-describedby=\"wp-block-file--media-cd64aa68-bfc2-4ba7-be91-9d1cc4bf2b9d\">Descargar<\/a><\/div>\n\n\n\n<div class=\"wp-block-file\"><a id=\"wp-block-file--media-b8e8a1d0-cf92-4d63-8a7b-5c867e5891dc\" href=\"https:\/\/jfacroll.com\/wp-content\/uploads\/2021\/11\/CAPITULO-1.pdf\">Cap\u00edtulo 1<\/a><a href=\"https:\/\/jfacroll.com\/wp-content\/uploads\/2021\/11\/CAPITULO-1.pdf\" class=\"wp-block-file__button wp-element-button\" download aria-describedby=\"wp-block-file--media-b8e8a1d0-cf92-4d63-8a7b-5c867e5891dc\">Descargar<\/a><\/div>\n\n\n\n<div class=\"wp-block-file\"><a id=\"wp-block-file--media-95ae67f8-7d1a-4e8b-a0ad-f8c03466b5f8\" href=\"https:\/\/jfacroll.com\/wp-content\/uploads\/2021\/11\/CAPITULO-2-1.pdf\">Cap\u00edtulo 2<\/a><a href=\"https:\/\/jfacroll.com\/wp-content\/uploads\/2021\/11\/CAPITULO-2-1.pdf\" class=\"wp-block-file__button wp-element-button\" download aria-describedby=\"wp-block-file--media-95ae67f8-7d1a-4e8b-a0ad-f8c03466b5f8\">Descarga<\/a><\/div>\n\n\n\n<div class=\"wp-block-file\"><a id=\"wp-block-file--media-6859b3bb-08c4-447c-8061-95efe7b26983\" href=\"https:\/\/jfacroll.com\/wp-content\/uploads\/2021\/11\/CAPITULO-3.pdf\">Cap\u00edtulo 3<\/a><a href=\"https:\/\/jfacroll.com\/wp-content\/uploads\/2021\/11\/CAPITULO-3.pdf\" class=\"wp-block-file__button wp-element-button\" download aria-describedby=\"wp-block-file--media-6859b3bb-08c4-447c-8061-95efe7b26983\">Descarga<\/a><\/div>\n\n\n\n<div class=\"wp-block-file\"><a id=\"wp-block-file--media-5be26401-8b55-4d1c-83cd-5084b5b41e8a\" href=\"https:\/\/jfacroll.com\/wp-content\/uploads\/2021\/11\/CAPITULO-4.pdf\">Cap\u00edtulo 4<\/a><a href=\"https:\/\/jfacroll.com\/wp-content\/uploads\/2021\/11\/CAPITULO-4.pdf\" class=\"wp-block-file__button wp-element-button\" download aria-describedby=\"wp-block-file--media-5be26401-8b55-4d1c-83cd-5084b5b41e8a\">Descarga<\/a><\/div>\n\n\n\n<div class=\"wp-block-file\"><a id=\"wp-block-file--media-431d2aa0-1676-4464-a127-3ddb35d04fd8\" href=\"https:\/\/jfacroll.com\/wp-content\/uploads\/2021\/12\/CAPITULO-5.pdf\">Cap\u00edtulo 5<\/a><a href=\"https:\/\/jfacroll.com\/wp-content\/uploads\/2021\/12\/CAPITULO-5.pdf\" class=\"wp-block-file__button wp-element-button\" download aria-describedby=\"wp-block-file--media-431d2aa0-1676-4464-a127-3ddb35d04fd8\">Descarga<\/a><\/div>\n\n\n\n<p><\/p>\n","protected":false},"excerpt":{"rendered":"<p>SAGA MATRIARCAS Un grupo de amigos recorre Sierra Nevada ajeno a todo lo que ocurre a su alrededor. En el peque\u00f1o pueblo de Soport\u00fajar, un akelarre de brujas trata desde hace siglos de traer de vuelta a la vida a las tres Matriarcas: tres poderosas hechiceras capaces de lanzar el conjuro necesario para extender las [&hellip;]<\/p>\n","protected":false},"author":1,"featured_media":0,"parent":0,"menu_order":0,"comment_status":"closed","ping_status":"closed","template":"","meta":{"footnotes":""},"yoast_head":"<!-- This site is optimized with the Yoast SEO plugin v22.5 - https:\/\/yoast.com\/wordpress\/plugins\/seo\/ -->\n<title>El Hombre - J.F. Acroll<\/title>\n<meta name=\"robots\" content=\"index, follow, max-snippet:-1, max-image-preview:large, max-video-preview:-1\" \/>\n<link rel=\"canonical\" href=\"https:\/\/jfacroll.com\/index.php\/el-hombre\/\" \/>\n<meta property=\"og:locale\" content=\"es_ES\" \/>\n<meta property=\"og:type\" content=\"article\" \/>\n<meta property=\"og:title\" content=\"El Hombre - J.F. Acroll\" \/>\n<meta property=\"og:description\" content=\"SAGA MATRIARCAS Un grupo de amigos recorre Sierra Nevada ajeno a todo lo que ocurre a su alrededor. En el peque\u00f1o pueblo de Soport\u00fajar, un akelarre de brujas trata desde hace siglos de traer de vuelta a la vida a las tres Matriarcas: tres poderosas hechiceras capaces de lanzar el conjuro necesario para extender las [&hellip;]\" \/>\n<meta property=\"og:url\" content=\"https:\/\/jfacroll.com\/index.php\/el-hombre\/\" \/>\n<meta property=\"og:site_name\" content=\"J.F. Acroll\" \/>\n<meta property=\"article:publisher\" content=\"https:\/\/twitter.com\/JFAcroll\" \/>\n<meta property=\"article:modified_time\" content=\"2023-03-16T11:19:46+00:00\" \/>\n<meta property=\"og:image\" content=\"https:\/\/jfacroll.com\/wp-content\/uploads\/2021\/10\/port6x9-683x1024.jpg\" \/>\n<meta name=\"twitter:card\" content=\"summary_large_image\" \/>\n<meta name=\"twitter:site\" content=\"@JFAcroll\" \/>\n<script type=\"application\/ld+json\" class=\"yoast-schema-graph\">{\"@context\":\"https:\/\/schema.org\",\"@graph\":[{\"@type\":\"WebPage\",\"@id\":\"https:\/\/jfacroll.com\/index.php\/el-hombre\/\",\"url\":\"https:\/\/jfacroll.com\/index.php\/el-hombre\/\",\"name\":\"El Hombre - J.F. Acroll\",\"isPartOf\":{\"@id\":\"https:\/\/jfacroll.com\/#website\"},\"primaryImageOfPage\":{\"@id\":\"https:\/\/jfacroll.com\/index.php\/el-hombre\/#primaryimage\"},\"image\":{\"@id\":\"https:\/\/jfacroll.com\/index.php\/el-hombre\/#primaryimage\"},\"thumbnailUrl\":\"https:\/\/jfacroll.com\/wp-content\/uploads\/2021\/10\/port6x9-683x1024.jpg\",\"datePublished\":\"2021-10-28T18:50:34+00:00\",\"dateModified\":\"2023-03-16T11:19:46+00:00\",\"breadcrumb\":{\"@id\":\"https:\/\/jfacroll.com\/index.php\/el-hombre\/#breadcrumb\"},\"inLanguage\":\"es\",\"potentialAction\":[{\"@type\":\"ReadAction\",\"target\":[\"https:\/\/jfacroll.com\/index.php\/el-hombre\/\"]}]},{\"@type\":\"ImageObject\",\"inLanguage\":\"es\",\"@id\":\"https:\/\/jfacroll.com\/index.php\/el-hombre\/#primaryimage\",\"url\":\"https:\/\/jfacroll.com\/wp-content\/uploads\/2021\/10\/port6x9-683x1024.jpg\",\"contentUrl\":\"https:\/\/jfacroll.com\/wp-content\/uploads\/2021\/10\/port6x9-683x1024.jpg\"},{\"@type\":\"BreadcrumbList\",\"@id\":\"https:\/\/jfacroll.com\/index.php\/el-hombre\/#breadcrumb\",\"itemListElement\":[{\"@type\":\"ListItem\",\"position\":1,\"name\":\"Home\",\"item\":\"https:\/\/jfacroll.com\/\"},{\"@type\":\"ListItem\",\"position\":2,\"name\":\"El Hombre\"}]},{\"@type\":\"WebSite\",\"@id\":\"https:\/\/jfacroll.com\/#website\",\"url\":\"https:\/\/jfacroll.com\/\",\"name\":\"J.F. Acroll\",\"description\":\"Bienvenidos a Ma&#039;oz\",\"potentialAction\":[{\"@type\":\"SearchAction\",\"target\":{\"@type\":\"EntryPoint\",\"urlTemplate\":\"https:\/\/jfacroll.com\/?s={search_term_string}\"},\"query-input\":\"required name=search_term_string\"}],\"inLanguage\":\"es\"}]}<\/script>\n<!-- \/ Yoast SEO plugin. -->","yoast_head_json":{"title":"El Hombre - J.F. Acroll","robots":{"index":"index","follow":"follow","max-snippet":"max-snippet:-1","max-image-preview":"max-image-preview:large","max-video-preview":"max-video-preview:-1"},"canonical":"https:\/\/jfacroll.com\/index.php\/el-hombre\/","og_locale":"es_ES","og_type":"article","og_title":"El Hombre - J.F. Acroll","og_description":"SAGA MATRIARCAS Un grupo de amigos recorre Sierra Nevada ajeno a todo lo que ocurre a su alrededor. En el peque\u00f1o pueblo de Soport\u00fajar, un akelarre de brujas trata desde hace siglos de traer de vuelta a la vida a las tres Matriarcas: tres poderosas hechiceras capaces de lanzar el conjuro necesario para extender las [&hellip;]","og_url":"https:\/\/jfacroll.com\/index.php\/el-hombre\/","og_site_name":"J.F. Acroll","article_publisher":"https:\/\/twitter.com\/JFAcroll","article_modified_time":"2023-03-16T11:19:46+00:00","og_image":[{"url":"https:\/\/jfacroll.com\/wp-content\/uploads\/2021\/10\/port6x9-683x1024.jpg"}],"twitter_card":"summary_large_image","twitter_site":"@JFAcroll","schema":{"@context":"https:\/\/schema.org","@graph":[{"@type":"WebPage","@id":"https:\/\/jfacroll.com\/index.php\/el-hombre\/","url":"https:\/\/jfacroll.com\/index.php\/el-hombre\/","name":"El Hombre - J.F. Acroll","isPartOf":{"@id":"https:\/\/jfacroll.com\/#website"},"primaryImageOfPage":{"@id":"https:\/\/jfacroll.com\/index.php\/el-hombre\/#primaryimage"},"image":{"@id":"https:\/\/jfacroll.com\/index.php\/el-hombre\/#primaryimage"},"thumbnailUrl":"https:\/\/jfacroll.com\/wp-content\/uploads\/2021\/10\/port6x9-683x1024.jpg","datePublished":"2021-10-28T18:50:34+00:00","dateModified":"2023-03-16T11:19:46+00:00","breadcrumb":{"@id":"https:\/\/jfacroll.com\/index.php\/el-hombre\/#breadcrumb"},"inLanguage":"es","potentialAction":[{"@type":"ReadAction","target":["https:\/\/jfacroll.com\/index.php\/el-hombre\/"]}]},{"@type":"ImageObject","inLanguage":"es","@id":"https:\/\/jfacroll.com\/index.php\/el-hombre\/#primaryimage","url":"https:\/\/jfacroll.com\/wp-content\/uploads\/2021\/10\/port6x9-683x1024.jpg","contentUrl":"https:\/\/jfacroll.com\/wp-content\/uploads\/2021\/10\/port6x9-683x1024.jpg"},{"@type":"BreadcrumbList","@id":"https:\/\/jfacroll.com\/index.php\/el-hombre\/#breadcrumb","itemListElement":[{"@type":"ListItem","position":1,"name":"Home","item":"https:\/\/jfacroll.com\/"},{"@type":"ListItem","position":2,"name":"El Hombre"}]},{"@type":"WebSite","@id":"https:\/\/jfacroll.com\/#website","url":"https:\/\/jfacroll.com\/","name":"J.F. Acroll","description":"Bienvenidos a Ma&#039;oz","potentialAction":[{"@type":"SearchAction","target":{"@type":"EntryPoint","urlTemplate":"https:\/\/jfacroll.com\/?s={search_term_string}"},"query-input":"required name=search_term_string"}],"inLanguage":"es"}]}},"_links":{"self":[{"href":"https:\/\/jfacroll.com\/index.php\/wp-json\/wp\/v2\/pages\/356"}],"collection":[{"href":"https:\/\/jfacroll.com\/index.php\/wp-json\/wp\/v2\/pages"}],"about":[{"href":"https:\/\/jfacroll.com\/index.php\/wp-json\/wp\/v2\/types\/page"}],"author":[{"embeddable":true,"href":"https:\/\/jfacroll.com\/index.php\/wp-json\/wp\/v2\/users\/1"}],"replies":[{"embeddable":true,"href":"https:\/\/jfacroll.com\/index.php\/wp-json\/wp\/v2\/comments?post=356"}],"version-history":[{"count":29,"href":"https:\/\/jfacroll.com\/index.php\/wp-json\/wp\/v2\/pages\/356\/revisions"}],"predecessor-version":[{"id":542,"href":"https:\/\/jfacroll.com\/index.php\/wp-json\/wp\/v2\/pages\/356\/revisions\/542"}],"wp:attachment":[{"href":"https:\/\/jfacroll.com\/index.php\/wp-json\/wp\/v2\/media?parent=356"}],"curies":[{"name":"wp","href":"https:\/\/api.w.org\/{rel}","templated":true}]}}