{"id":323,"date":"2021-10-21T12:43:00","date_gmt":"2021-10-21T12:43:00","guid":{"rendered":"https:\/\/jfacroll.com\/?page_id=323"},"modified":"2023-01-17T11:28:24","modified_gmt":"2023-01-17T10:28:24","slug":"novedades","status":"publish","type":"page","link":"https:\/\/jfacroll.com\/index.php\/novedades\/","title":{"rendered":"Novedades"},"content":{"rendered":"\n<p>\u00bfQuieres estar al d\u00eda de todas las novedades de mis libros? \u00bfNo quieres perderte ning\u00fan sorteo, concurso, actividad? \u00bfQuieres ser el primero en leer mis nuevas historias? \u00bfQuieres recibir contenido adicional y acceder en primer lugar a las preventas con descuento de mis libros? Reg\u00edstrate aqu\u00ed y estar\u00e1s al tanto de todas mis novedades. Prometo no ser pesado, no bombardearte con correos absurdos y enviar \u00fanicamente aquellas cosas que te puedan interesar. Si me sigues, me ayudar\u00e1s a crecer como escritor y juntos formaremos una comunidad de lectores en la que compartiremos impresiones, no solo de mis libros e historias, sino de muchas otras historias m\u00e1s. <\/p>\n\n\n<script>(function() {\n\twindow.mc4wp = window.mc4wp || {\n\t\tlisteners: [],\n\t\tforms: {\n\t\t\ton: function(evt, cb) {\n\t\t\t\twindow.mc4wp.listeners.push(\n\t\t\t\t\t{\n\t\t\t\t\t\tevent   : evt,\n\t\t\t\t\t\tcallback: cb\n\t\t\t\t\t}\n\t\t\t\t);\n\t\t\t}\n\t\t}\n\t}\n})();\n<\/script><!-- Mailchimp for WordPress v4.9.13 - https:\/\/wordpress.org\/plugins\/mailchimp-for-wp\/ --><form id=\"mc4wp-form-1\" class=\"mc4wp-form mc4wp-form-327 mc4wp-form-theme mc4wp-form-theme-red\" method=\"post\" data-id=\"327\" data-name=\"J.F. ACROLL\" ><div class=\"mc4wp-form-fields\"><p>\r\n    <label>Email<\/label>\r\n    <input type=\"email\" name=\"EMAIL\" required=\"\">\r\n<\/p>\r\n<p>\r\n    <label>Nombre<\/label>\r\n    <input type=\"text\" name=\"FNAME\" required=\"\">\r\n<\/p>\r\n<p>\r\n    <label>Apellido<\/label>\r\n    <input type=\"text\" name=\"APELLIDO\" required=\"\">\r\n<\/p>\r\n<p>\r\n    <input type=\"submit\" value=\"Suscribirme\">\r\n<\/p>\r\n<\/div><label style=\"display: none !important;\">Deja vac\u00edo este campo si eres humano: <input type=\"text\" name=\"_mc4wp_honeypot\" value=\"\" tabindex=\"-1\" autocomplete=\"off\" \/><\/label><input type=\"hidden\" name=\"_mc4wp_timestamp\" value=\"1777900671\" \/><input type=\"hidden\" name=\"_mc4wp_form_id\" value=\"327\" \/><input type=\"hidden\" name=\"_mc4wp_form_element_id\" value=\"mc4wp-form-1\" \/><div class=\"mc4wp-response\"><\/div><\/form><!-- \/ Mailchimp for WordPress Plugin -->","protected":false},"excerpt":{"rendered":"<p>\u00bfQuieres estar al d\u00eda de todas las novedades de mis libros? \u00bfNo quieres perderte ning\u00fan sorteo, concurso, actividad? \u00bfQuieres ser el primero en leer mis nuevas historias? \u00bfQuieres recibir contenido adicional y acceder en primer lugar a las preventas con descuento de mis libros? Reg\u00edstrate aqu\u00ed y estar\u00e1s al tanto de todas mis novedades. Prometo [&hellip;]<\/p>\n","protected":false},"author":1,"featured_media":98,"parent":0,"menu_order":0,"comment_status":"closed","ping_status":"closed","template":"","meta":{"footnotes":""},"yoast_head":"<!-- This site is optimized with the Yoast SEO plugin v22.5 - https:\/\/yoast.com\/wordpress\/plugins\/seo\/ -->\n<title>Novedades - J.F. Acroll<\/title>\n<meta name=\"description\" content=\"Inscr\u00edbete para estar al tanto de todas las novedades sobre mis libros. Ser\u00e1s el primer en acceder a las preventas de mis nuevos libros.\" \/>\n<meta name=\"robots\" content=\"index, follow, max-snippet:-1, max-image-preview:large, max-video-preview:-1\" \/>\n<link rel=\"canonical\" href=\"https:\/\/jfacroll.com\/index.php\/novedades\/\" \/>\n<meta property=\"og:locale\" content=\"es_ES\" \/>\n<meta property=\"og:type\" content=\"article\" \/>\n<meta property=\"og:title\" content=\"Novedades - J.F. Acroll\" \/>\n<meta property=\"og:description\" content=\"Inscr\u00edbete para estar al tanto de todas las novedades sobre mis libros. Ser\u00e1s el primer en acceder a las preventas de mis nuevos libros.\" \/>\n<meta property=\"og:url\" content=\"https:\/\/jfacroll.com\/index.php\/novedades\/\" \/>\n<meta property=\"og:site_name\" content=\"J.F. Acroll\" \/>\n<meta property=\"article:publisher\" content=\"https:\/\/twitter.com\/JFAcroll\" \/>\n<meta property=\"article:modified_time\" content=\"2023-01-17T10:28:24+00:00\" \/>\n<meta property=\"og:image\" content=\"https:\/\/jfacroll.com\/wp-content\/uploads\/2019\/11\/Foto-portada-PEQUE-1.jpg\" \/>\n\t<meta property=\"og:image:width\" content=\"1667\" \/>\n\t<meta property=\"og:image:height\" content=\"2500\" \/>\n\t<meta property=\"og:image:type\" content=\"image\/jpeg\" \/>\n<meta name=\"twitter:card\" content=\"summary_large_image\" \/>\n<meta name=\"twitter:site\" content=\"@JFAcroll\" \/>\n<meta name=\"twitter:label1\" content=\"Tiempo de lectura\" \/>\n\t<meta name=\"twitter:data1\" content=\"1 minuto\" \/>\n<script type=\"application\/ld+json\" class=\"yoast-schema-graph\">{\"@context\":\"https:\/\/schema.org\",\"@graph\":[{\"@type\":\"WebPage\",\"@id\":\"https:\/\/jfacroll.com\/index.php\/novedades\/\",\"url\":\"https:\/\/jfacroll.com\/index.php\/novedades\/\",\"name\":\"Novedades - J.F. Acroll\",\"isPartOf\":{\"@id\":\"https:\/\/jfacroll.com\/#website\"},\"primaryImageOfPage\":{\"@id\":\"https:\/\/jfacroll.com\/index.php\/novedades\/#primaryimage\"},\"image\":{\"@id\":\"https:\/\/jfacroll.com\/index.php\/novedades\/#primaryimage\"},\"thumbnailUrl\":\"https:\/\/jfacroll.com\/wp-content\/uploads\/2019\/11\/Foto-portada-PEQUE-1.jpg\",\"datePublished\":\"2021-10-21T12:43:00+00:00\",\"dateModified\":\"2023-01-17T10:28:24+00:00\",\"description\":\"Inscr\u00edbete para estar al tanto de todas las novedades sobre mis libros. Ser\u00e1s el primer en acceder a las preventas de mis nuevos libros.\",\"breadcrumb\":{\"@id\":\"https:\/\/jfacroll.com\/index.php\/novedades\/#breadcrumb\"},\"inLanguage\":\"es\",\"potentialAction\":[{\"@type\":\"ReadAction\",\"target\":[\"https:\/\/jfacroll.com\/index.php\/novedades\/\"]}]},{\"@type\":\"ImageObject\",\"inLanguage\":\"es\",\"@id\":\"https:\/\/jfacroll.com\/index.php\/novedades\/#primaryimage\",\"url\":\"https:\/\/jfacroll.com\/wp-content\/uploads\/2019\/11\/Foto-portada-PEQUE-1.jpg\",\"contentUrl\":\"https:\/\/jfacroll.com\/wp-content\/uploads\/2019\/11\/Foto-portada-PEQUE-1.jpg\",\"width\":1667,\"height\":2500,\"caption\":\"J.F. Acroll\"},{\"@type\":\"BreadcrumbList\",\"@id\":\"https:\/\/jfacroll.com\/index.php\/novedades\/#breadcrumb\",\"itemListElement\":[{\"@type\":\"ListItem\",\"position\":1,\"name\":\"Home\",\"item\":\"https:\/\/jfacroll.com\/\"},{\"@type\":\"ListItem\",\"position\":2,\"name\":\"Novedades\"}]},{\"@type\":\"WebSite\",\"@id\":\"https:\/\/jfacroll.com\/#website\",\"url\":\"https:\/\/jfacroll.com\/\",\"name\":\"J.F. Acroll\",\"description\":\"Bienvenidos a Ma&#039;oz\",\"potentialAction\":[{\"@type\":\"SearchAction\",\"target\":{\"@type\":\"EntryPoint\",\"urlTemplate\":\"https:\/\/jfacroll.com\/?s={search_term_string}\"},\"query-input\":\"required name=search_term_string\"}],\"inLanguage\":\"es\"}]}<\/script>\n<!-- \/ Yoast SEO plugin. -->","yoast_head_json":{"title":"Novedades - J.F. Acroll","description":"Inscr\u00edbete para estar al tanto de todas las novedades sobre mis libros. Ser\u00e1s el primer en acceder a las preventas de mis nuevos libros.","robots":{"index":"index","follow":"follow","max-snippet":"max-snippet:-1","max-image-preview":"max-image-preview:large","max-video-preview":"max-video-preview:-1"},"canonical":"https:\/\/jfacroll.com\/index.php\/novedades\/","og_locale":"es_ES","og_type":"article","og_title":"Novedades - J.F. Acroll","og_description":"Inscr\u00edbete para estar al tanto de todas las novedades sobre mis libros. Ser\u00e1s el primer en acceder a las preventas de mis nuevos libros.","og_url":"https:\/\/jfacroll.com\/index.php\/novedades\/","og_site_name":"J.F. Acroll","article_publisher":"https:\/\/twitter.com\/JFAcroll","article_modified_time":"2023-01-17T10:28:24+00:00","og_image":[{"width":1667,"height":2500,"url":"https:\/\/jfacroll.com\/wp-content\/uploads\/2019\/11\/Foto-portada-PEQUE-1.jpg","type":"image\/jpeg"}],"twitter_card":"summary_large_image","twitter_site":"@JFAcroll","twitter_misc":{"Tiempo de lectura":"1 minuto"},"schema":{"@context":"https:\/\/schema.org","@graph":[{"@type":"WebPage","@id":"https:\/\/jfacroll.com\/index.php\/novedades\/","url":"https:\/\/jfacroll.com\/index.php\/novedades\/","name":"Novedades - J.F. Acroll","isPartOf":{"@id":"https:\/\/jfacroll.com\/#website"},"primaryImageOfPage":{"@id":"https:\/\/jfacroll.com\/index.php\/novedades\/#primaryimage"},"image":{"@id":"https:\/\/jfacroll.com\/index.php\/novedades\/#primaryimage"},"thumbnailUrl":"https:\/\/jfacroll.com\/wp-content\/uploads\/2019\/11\/Foto-portada-PEQUE-1.jpg","datePublished":"2021-10-21T12:43:00+00:00","dateModified":"2023-01-17T10:28:24+00:00","description":"Inscr\u00edbete para estar al tanto de todas las novedades sobre mis libros. Ser\u00e1s el primer en acceder a las preventas de mis nuevos libros.","breadcrumb":{"@id":"https:\/\/jfacroll.com\/index.php\/novedades\/#breadcrumb"},"inLanguage":"es","potentialAction":[{"@type":"ReadAction","target":["https:\/\/jfacroll.com\/index.php\/novedades\/"]}]},{"@type":"ImageObject","inLanguage":"es","@id":"https:\/\/jfacroll.com\/index.php\/novedades\/#primaryimage","url":"https:\/\/jfacroll.com\/wp-content\/uploads\/2019\/11\/Foto-portada-PEQUE-1.jpg","contentUrl":"https:\/\/jfacroll.com\/wp-content\/uploads\/2019\/11\/Foto-portada-PEQUE-1.jpg","width":1667,"height":2500,"caption":"J.F. Acroll"},{"@type":"BreadcrumbList","@id":"https:\/\/jfacroll.com\/index.php\/novedades\/#breadcrumb","itemListElement":[{"@type":"ListItem","position":1,"name":"Home","item":"https:\/\/jfacroll.com\/"},{"@type":"ListItem","position":2,"name":"Novedades"}]},{"@type":"WebSite","@id":"https:\/\/jfacroll.com\/#website","url":"https:\/\/jfacroll.com\/","name":"J.F. Acroll","description":"Bienvenidos a Ma&#039;oz","potentialAction":[{"@type":"SearchAction","target":{"@type":"EntryPoint","urlTemplate":"https:\/\/jfacroll.com\/?s={search_term_string}"},"query-input":"required name=search_term_string"}],"inLanguage":"es"}]}},"_links":{"self":[{"href":"https:\/\/jfacroll.com\/index.php\/wp-json\/wp\/v2\/pages\/323"}],"collection":[{"href":"https:\/\/jfacroll.com\/index.php\/wp-json\/wp\/v2\/pages"}],"about":[{"href":"https:\/\/jfacroll.com\/index.php\/wp-json\/wp\/v2\/types\/page"}],"author":[{"embeddable":true,"href":"https:\/\/jfacroll.com\/index.php\/wp-json\/wp\/v2\/users\/1"}],"replies":[{"embeddable":true,"href":"https:\/\/jfacroll.com\/index.php\/wp-json\/wp\/v2\/comments?post=323"}],"version-history":[{"count":7,"href":"https:\/\/jfacroll.com\/index.php\/wp-json\/wp\/v2\/pages\/323\/revisions"}],"predecessor-version":[{"id":528,"href":"https:\/\/jfacroll.com\/index.php\/wp-json\/wp\/v2\/pages\/323\/revisions\/528"}],"wp:featuredmedia":[{"embeddable":true,"href":"https:\/\/jfacroll.com\/index.php\/wp-json\/wp\/v2\/media\/98"}],"wp:attachment":[{"href":"https:\/\/jfacroll.com\/index.php\/wp-json\/wp\/v2\/media?parent=323"}],"curies":[{"name":"wp","href":"https:\/\/api.w.org\/{rel}","templated":true}]}}