{"id":314,"date":"2021-10-21T11:50:17","date_gmt":"2021-10-21T11:50:17","guid":{"rendered":"http:\/\/jfacroll.com\/?page_id=314"},"modified":"2021-10-21T11:52:47","modified_gmt":"2021-10-21T11:52:47","slug":"cuentos-y-recuerdos-del-viejo-lulot-eloise","status":"publish","type":"page","link":"https:\/\/jfacroll.com\/index.php\/cuentos-y-recuerdos-del-viejo-lulot-eloise\/","title":{"rendered":"CUENTOS Y RECUERDOS DEL VIEJO lULOT: Eloise"},"content":{"rendered":"\n<h4 class=\"wp-block-heading\"><strong>Una vez m\u00e1s, el viejo Lulot nos regala cuentos que llegan directos al coraz\u00f3n<\/strong><br><br>La peque\u00f1a&nbsp;<strong>Eloise est\u00e1 desolada<\/strong>&nbsp;tras perder a su familia. Aterrorizada y totalmente dominada por el miedo,&nbsp;<strong>la joven es incapaz de hacer frente a la vida<\/strong>. Ser\u00e1 entonces cuando se cruce en su camino&nbsp;<strong>un enigm\u00e1tico viejo<\/strong>, que&nbsp;<strong>lograr\u00e1 con sus cuentos que la ni\u00f1a comprenda que el miedo puede vencerse<\/strong>, que nadie puede decirnos a qui\u00e9n amar y que no hay dolor que el tiempo no cure. Eloise conocer\u00e1, de la mano del viejo Lulot, a seres tan maravillosos como la hierbatera Lilibeth, el ganso Gans o la bella Primavera. Juntos emprender\u00e1n un viaje que har\u00e1 que se acepte y aprenda a vivir sin temores ni remordimientos.<\/h4>\n\n\n\n<p>La segunda entrega de Cuentos y recuerdos del viejo Lulot nos regala una nueva entrega de cuentos repletos de mensaje para ayudarnos a aceptarnos, a ser libres y a vivir sin miedo. Adem\u00e1s, algunos de los cuentos nos ayudar\u00e1n a conocer mejor la historia del enigm\u00e1tico Lulot.<\/p>\n\n\n\n<p><strong>Cuentos que encontrar\u00e1s en este libro:<\/strong><\/p>\n\n\n\n<ul><li>El viejo que esperaba en el faro observando el mar<\/li><li>El viejo Lulot y su rutina de las horas sentadas<\/li><li>Cuento del ganso que quer\u00eda ser un punto y no una uve<\/li><li>El cuento de la canci\u00f3n del r\u00edo y la danza de las bestias<\/li><li>La leyenda de la pintora de atardeceres y la pastora de estrellas<\/li><li>El cuento de la vieja del puerto y la sirena con el alma rota<\/li><li>El romance de las estaciones<\/li><li>El cuento de la vieja zapatera y la joven desdichada<\/li><li>La f\u00e1bula de la primera oruga que logr\u00f3 ser mariposa<\/li><li>El cuento de la hierbatera Lilibeth y su brebaje para curar almas heridas<\/li><\/ul>\n\n\n\n<p><em>\u00abY es que, al final, la vida no era m\u00e1s que un paseo, y es responsabilidad de cada uno disfrutarlo para que, cuando la vieja muerte se cruce en nuestro camino, miremos todo lo recorrido y pensemos: \u00a1s\u00ed, mi camino ha merecido la pena!\u00bb<\/em><\/p>\n\n\n\n<p id=\"block-ccc8840e-4fbb-48af-b36d-ed6b249f6d95\">Comprar en <a href=\"https:\/\/www.amazon.es\/gp\/product\/B091BFQSC7\/ref=dbs_a_def_rwt_bibl_vppi_i2\">Amazon<\/a><\/p>\n\n\n\n<figure class=\"wp-block-image size-large\" id=\"block-2ce2415f-30eb-4696-8794-c7842c553848\"><img decoding=\"async\" loading=\"lazy\" width=\"724\" height=\"1024\" src=\"http:\/\/jfacroll.com\/wp-content\/uploads\/2021\/10\/Lulot_Eloise-724x1024.jpg\" alt=\"\" class=\"wp-image-315\" srcset=\"https:\/\/jfacroll.com\/wp-content\/uploads\/2021\/10\/Lulot_Eloise-724x1024.jpg 724w, https:\/\/jfacroll.com\/wp-content\/uploads\/2021\/10\/Lulot_Eloise-212x300.jpg 212w, https:\/\/jfacroll.com\/wp-content\/uploads\/2021\/10\/Lulot_Eloise-768x1086.jpg 768w, https:\/\/jfacroll.com\/wp-content\/uploads\/2021\/10\/Lulot_Eloise-1086x1536.jpg 1086w, https:\/\/jfacroll.com\/wp-content\/uploads\/2021\/10\/Lulot_Eloise.jpg 1131w\" sizes=\"(max-width: 724px) 100vw, 724px\" \/><\/figure>\n","protected":false},"excerpt":{"rendered":"<p>Una vez m\u00e1s, el viejo Lulot nos regala cuentos que llegan directos al coraz\u00f3n La peque\u00f1a&nbsp;Eloise est\u00e1 desolada&nbsp;tras perder a su familia. Aterrorizada y totalmente dominada por el miedo,&nbsp;la joven es incapaz de hacer frente a la vida. Ser\u00e1 entonces cuando se cruce en su camino&nbsp;un enigm\u00e1tico viejo, que&nbsp;lograr\u00e1 con sus cuentos que la ni\u00f1a [&hellip;]<\/p>\n","protected":false},"author":1,"featured_media":0,"parent":0,"menu_order":0,"comment_status":"closed","ping_status":"closed","template":"","meta":{"footnotes":""},"yoast_head":"<!-- This site is optimized with the Yoast SEO plugin v22.5 - https:\/\/yoast.com\/wordpress\/plugins\/seo\/ -->\n<title>CUENTOS Y RECUERDOS DEL VIEJO lULOT: Eloise - J.F. Acroll<\/title>\n<meta name=\"description\" content=\"Cuentos y recuerdos del viejo Lulot: Eloise, es una nueva entrega de cuentos sobre el miedo, la aceptaci\u00f3n y el amor\" \/>\n<meta name=\"robots\" content=\"index, follow, max-snippet:-1, max-image-preview:large, max-video-preview:-1\" \/>\n<link rel=\"canonical\" href=\"https:\/\/jfacroll.com\/index.php\/cuentos-y-recuerdos-del-viejo-lulot-eloise\/\" \/>\n<meta property=\"og:locale\" content=\"es_ES\" \/>\n<meta property=\"og:type\" content=\"article\" \/>\n<meta property=\"og:title\" content=\"CUENTOS Y RECUERDOS DEL VIEJO lULOT: Eloise - J.F. Acroll\" \/>\n<meta property=\"og:description\" content=\"Cuentos y recuerdos del viejo Lulot: Eloise, es una nueva entrega de cuentos sobre el miedo, la aceptaci\u00f3n y el amor\" \/>\n<meta property=\"og:url\" content=\"https:\/\/jfacroll.com\/index.php\/cuentos-y-recuerdos-del-viejo-lulot-eloise\/\" \/>\n<meta property=\"og:site_name\" content=\"J.F. Acroll\" \/>\n<meta property=\"article:publisher\" content=\"https:\/\/twitter.com\/JFAcroll\" \/>\n<meta property=\"article:modified_time\" content=\"2021-10-21T11:52:47+00:00\" \/>\n<meta property=\"og:image\" content=\"http:\/\/jfacroll.com\/wp-content\/uploads\/2021\/10\/Lulot_Eloise-724x1024.jpg\" \/>\n<meta name=\"twitter:card\" content=\"summary_large_image\" \/>\n<meta name=\"twitter:site\" content=\"@JFAcroll\" \/>\n<meta name=\"twitter:label1\" content=\"Tiempo de lectura\" \/>\n\t<meta name=\"twitter:data1\" content=\"2 minutos\" \/>\n<script type=\"application\/ld+json\" class=\"yoast-schema-graph\">{\"@context\":\"https:\/\/schema.org\",\"@graph\":[{\"@type\":\"WebPage\",\"@id\":\"https:\/\/jfacroll.com\/index.php\/cuentos-y-recuerdos-del-viejo-lulot-eloise\/\",\"url\":\"https:\/\/jfacroll.com\/index.php\/cuentos-y-recuerdos-del-viejo-lulot-eloise\/\",\"name\":\"CUENTOS Y RECUERDOS DEL VIEJO lULOT: Eloise - J.F. Acroll\",\"isPartOf\":{\"@id\":\"https:\/\/jfacroll.com\/#website\"},\"primaryImageOfPage\":{\"@id\":\"https:\/\/jfacroll.com\/index.php\/cuentos-y-recuerdos-del-viejo-lulot-eloise\/#primaryimage\"},\"image\":{\"@id\":\"https:\/\/jfacroll.com\/index.php\/cuentos-y-recuerdos-del-viejo-lulot-eloise\/#primaryimage\"},\"thumbnailUrl\":\"http:\/\/jfacroll.com\/wp-content\/uploads\/2021\/10\/Lulot_Eloise-724x1024.jpg\",\"datePublished\":\"2021-10-21T11:50:17+00:00\",\"dateModified\":\"2021-10-21T11:52:47+00:00\",\"description\":\"Cuentos y recuerdos del viejo Lulot: Eloise, es una nueva entrega de cuentos sobre el miedo, la aceptaci\u00f3n y el amor\",\"breadcrumb\":{\"@id\":\"https:\/\/jfacroll.com\/index.php\/cuentos-y-recuerdos-del-viejo-lulot-eloise\/#breadcrumb\"},\"inLanguage\":\"es\",\"potentialAction\":[{\"@type\":\"ReadAction\",\"target\":[\"https:\/\/jfacroll.com\/index.php\/cuentos-y-recuerdos-del-viejo-lulot-eloise\/\"]}]},{\"@type\":\"ImageObject\",\"inLanguage\":\"es\",\"@id\":\"https:\/\/jfacroll.com\/index.php\/cuentos-y-recuerdos-del-viejo-lulot-eloise\/#primaryimage\",\"url\":\"https:\/\/jfacroll.com\/wp-content\/uploads\/2021\/10\/Lulot_Eloise.jpg\",\"contentUrl\":\"https:\/\/jfacroll.com\/wp-content\/uploads\/2021\/10\/Lulot_Eloise.jpg\",\"width\":1131,\"height\":1599},{\"@type\":\"BreadcrumbList\",\"@id\":\"https:\/\/jfacroll.com\/index.php\/cuentos-y-recuerdos-del-viejo-lulot-eloise\/#breadcrumb\",\"itemListElement\":[{\"@type\":\"ListItem\",\"position\":1,\"name\":\"Home\",\"item\":\"https:\/\/jfacroll.com\/\"},{\"@type\":\"ListItem\",\"position\":2,\"name\":\"CUENTOS Y RECUERDOS DEL VIEJO lULOT: Eloise\"}]},{\"@type\":\"WebSite\",\"@id\":\"https:\/\/jfacroll.com\/#website\",\"url\":\"https:\/\/jfacroll.com\/\",\"name\":\"J.F. Acroll\",\"description\":\"Bienvenidos a Ma&#039;oz\",\"potentialAction\":[{\"@type\":\"SearchAction\",\"target\":{\"@type\":\"EntryPoint\",\"urlTemplate\":\"https:\/\/jfacroll.com\/?s={search_term_string}\"},\"query-input\":\"required name=search_term_string\"}],\"inLanguage\":\"es\"}]}<\/script>\n<!-- \/ Yoast SEO plugin. -->","yoast_head_json":{"title":"CUENTOS Y RECUERDOS DEL VIEJO lULOT: Eloise - J.F. Acroll","description":"Cuentos y recuerdos del viejo Lulot: Eloise, es una nueva entrega de cuentos sobre el miedo, la aceptaci\u00f3n y el amor","robots":{"index":"index","follow":"follow","max-snippet":"max-snippet:-1","max-image-preview":"max-image-preview:large","max-video-preview":"max-video-preview:-1"},"canonical":"https:\/\/jfacroll.com\/index.php\/cuentos-y-recuerdos-del-viejo-lulot-eloise\/","og_locale":"es_ES","og_type":"article","og_title":"CUENTOS Y RECUERDOS DEL VIEJO lULOT: Eloise - J.F. Acroll","og_description":"Cuentos y recuerdos del viejo Lulot: Eloise, es una nueva entrega de cuentos sobre el miedo, la aceptaci\u00f3n y el amor","og_url":"https:\/\/jfacroll.com\/index.php\/cuentos-y-recuerdos-del-viejo-lulot-eloise\/","og_site_name":"J.F. Acroll","article_publisher":"https:\/\/twitter.com\/JFAcroll","article_modified_time":"2021-10-21T11:52:47+00:00","og_image":[{"url":"http:\/\/jfacroll.com\/wp-content\/uploads\/2021\/10\/Lulot_Eloise-724x1024.jpg"}],"twitter_card":"summary_large_image","twitter_site":"@JFAcroll","twitter_misc":{"Tiempo de lectura":"2 minutos"},"schema":{"@context":"https:\/\/schema.org","@graph":[{"@type":"WebPage","@id":"https:\/\/jfacroll.com\/index.php\/cuentos-y-recuerdos-del-viejo-lulot-eloise\/","url":"https:\/\/jfacroll.com\/index.php\/cuentos-y-recuerdos-del-viejo-lulot-eloise\/","name":"CUENTOS Y RECUERDOS DEL VIEJO lULOT: Eloise - J.F. Acroll","isPartOf":{"@id":"https:\/\/jfacroll.com\/#website"},"primaryImageOfPage":{"@id":"https:\/\/jfacroll.com\/index.php\/cuentos-y-recuerdos-del-viejo-lulot-eloise\/#primaryimage"},"image":{"@id":"https:\/\/jfacroll.com\/index.php\/cuentos-y-recuerdos-del-viejo-lulot-eloise\/#primaryimage"},"thumbnailUrl":"http:\/\/jfacroll.com\/wp-content\/uploads\/2021\/10\/Lulot_Eloise-724x1024.jpg","datePublished":"2021-10-21T11:50:17+00:00","dateModified":"2021-10-21T11:52:47+00:00","description":"Cuentos y recuerdos del viejo Lulot: Eloise, es una nueva entrega de cuentos sobre el miedo, la aceptaci\u00f3n y el amor","breadcrumb":{"@id":"https:\/\/jfacroll.com\/index.php\/cuentos-y-recuerdos-del-viejo-lulot-eloise\/#breadcrumb"},"inLanguage":"es","potentialAction":[{"@type":"ReadAction","target":["https:\/\/jfacroll.com\/index.php\/cuentos-y-recuerdos-del-viejo-lulot-eloise\/"]}]},{"@type":"ImageObject","inLanguage":"es","@id":"https:\/\/jfacroll.com\/index.php\/cuentos-y-recuerdos-del-viejo-lulot-eloise\/#primaryimage","url":"https:\/\/jfacroll.com\/wp-content\/uploads\/2021\/10\/Lulot_Eloise.jpg","contentUrl":"https:\/\/jfacroll.com\/wp-content\/uploads\/2021\/10\/Lulot_Eloise.jpg","width":1131,"height":1599},{"@type":"BreadcrumbList","@id":"https:\/\/jfacroll.com\/index.php\/cuentos-y-recuerdos-del-viejo-lulot-eloise\/#breadcrumb","itemListElement":[{"@type":"ListItem","position":1,"name":"Home","item":"https:\/\/jfacroll.com\/"},{"@type":"ListItem","position":2,"name":"CUENTOS Y RECUERDOS DEL VIEJO lULOT: Eloise"}]},{"@type":"WebSite","@id":"https:\/\/jfacroll.com\/#website","url":"https:\/\/jfacroll.com\/","name":"J.F. Acroll","description":"Bienvenidos a Ma&#039;oz","potentialAction":[{"@type":"SearchAction","target":{"@type":"EntryPoint","urlTemplate":"https:\/\/jfacroll.com\/?s={search_term_string}"},"query-input":"required name=search_term_string"}],"inLanguage":"es"}]}},"_links":{"self":[{"href":"https:\/\/jfacroll.com\/index.php\/wp-json\/wp\/v2\/pages\/314"}],"collection":[{"href":"https:\/\/jfacroll.com\/index.php\/wp-json\/wp\/v2\/pages"}],"about":[{"href":"https:\/\/jfacroll.com\/index.php\/wp-json\/wp\/v2\/types\/page"}],"author":[{"embeddable":true,"href":"https:\/\/jfacroll.com\/index.php\/wp-json\/wp\/v2\/users\/1"}],"replies":[{"embeddable":true,"href":"https:\/\/jfacroll.com\/index.php\/wp-json\/wp\/v2\/comments?post=314"}],"version-history":[{"count":2,"href":"https:\/\/jfacroll.com\/index.php\/wp-json\/wp\/v2\/pages\/314\/revisions"}],"predecessor-version":[{"id":320,"href":"https:\/\/jfacroll.com\/index.php\/wp-json\/wp\/v2\/pages\/314\/revisions\/320"}],"wp:attachment":[{"href":"https:\/\/jfacroll.com\/index.php\/wp-json\/wp\/v2\/media?parent=314"}],"curies":[{"name":"wp","href":"https:\/\/api.w.org\/{rel}","templated":true}]}}