{"id":168,"date":"2020-05-26T14:59:48","date_gmt":"2020-05-26T14:59:48","guid":{"rendered":"http:\/\/jfacroll.com\/?page_id=168"},"modified":"2020-05-26T14:59:48","modified_gmt":"2020-05-26T14:59:48","slug":"las-tierras-imperecederas-del-sur","status":"publish","type":"page","link":"https:\/\/jfacroll.com\/index.php\/las-tierras-imperecederas-del-sur\/","title":{"rendered":"las tierras imperecederas del sur"},"content":{"rendered":"\n<p>De todos los reinos que forman Ma\u2019oz, las Tierras Imperecederas son, sin duda, uno de los que m\u00e1s ha sufrido. <\/p>\n\n\n\n<p>Situado en mitad del desierto, a\u00f1os atr\u00e1s era habitado por tribus n\u00f3madas que habitaban en el desierto. Deambulaban por \u00e9l y lo conoc\u00edan como la palma de su mano. Una de esas tribus era conocida como los Om\u00e1s. Eran numerosos, sabios y tremendamente fieros. Fue uno de sus l\u00edderes, conocido como el Gran Ataraj Pari Dorel, el que comprendi\u00f3 que si lograban dominar al resto de tribus ser\u00edan m\u00e1s fuertes. <\/p>\n\n\n\n<p>Primero dominaron a los Urit\u00edes del Sur, m\u00e1s tarde a los V\u00e9ndalos en el Norte, luego caer\u00edan los Yukari, los Jaritas y los Shaleias. Poco a poco, las tribus del desierto se rend\u00edan o se un\u00edan a su causa, organiz\u00e1ndose y creciendo sin parar. Los \u00faltimos en unirse a los Om\u00e1s fueron los Dun\u00edes, otra de las tribus m\u00e1s poderosas. Acordaron extender los dominios tribales m\u00e1s all\u00e1 del desierto, y fue entonces cuando el esplendor de las Tierras Imperecederas alcanz\u00f3 su c\u00e9nit. <\/p>\n\n\n\n<p>Llegaron al mar, donde fundaron la ciudad portuaria de Dalarai, que pronto comenzar\u00eda a comerciar con lejanos reinos de los que importaban lujosos productos, al tiempo que vend\u00eda la codiciada seda de Amarelo, que aislaba a la perfecci\u00f3n de la temperatura y que se adaptaba al color del entorno cuando se deseaba. Alcanzaron los Bosques de Nalea, que los elfos proteg\u00edan con bravura. Nunca llegaron a conquistarlos, ni tan siquiera lo intentaron. En cambio, entablaron una alianza con los elfos mediante la que ambos reinos juraban protegerse en caso necesario. Conquistaron las tierras que hoy pertenecen al Sultanato de Ciudad Encendida, e incluyeron a las amazonas en su alianza con los elfos. Avanzaron hacia el Norte, sometiendo a duras penas a los habitantes de las praderas. <\/p>\n\n\n\n<p>Fue entonces cuando comenz\u00f3 su declive. En esas tierras, las antiguas rencillas entre tribus resurgieron. Mientras que unos deseaban someter las tierras conquistadas y repartir los dominios, otros apostaban por establecer provincias libres que pagasen un impuesto a cambio de la protecci\u00f3n de las tribus. Las desavenencias no pararon de crecer, y muchos de los habitantes de los reinos conquistados comenzaron a sublevarse y a luchar por su libertad. <\/p>\n\n\n\n<p>Esto provoc\u00f3 un gran enfrentamierto entre Pari Dorel y sus hijos, lugartenientes de los Om\u00e1s, y la poderosa familia de los Dun\u00edes. Tras ser incapaces de llegar a un acuerdo, los Dun\u00edes regresaron al desierto, estableci\u00e9ndose en la que era la ciudad m\u00e1s importante, Teramundi. <\/p>\n\n\n\n<p>Por su parte, los Om\u00e1s siguieron luchando en las tierras conquistadas, pero poco a poco las tribus fueron abandon\u00e1ndolos y uni\u00e9ndose al estable reino creado por los Dun\u00edes, con capital en Teramundi. <\/p>\n\n\n\n<p>Los Om\u00e1s por su parte, fueron expulsados del Sultanato de la Ciudad Encendida, en el que varias familias se hab\u00edan unido para formar un reino independiente y expulsar a los invasores. En las praderas, los habitantes sometidos iniciaron una guerra de guerrillas que fue poco a poco minando a los invasores, haciendo que poco a poco volviesen al desierto. <\/p>\n\n\n\n<p>Humillados y solos, los Om\u00e1s se negaban a resignarse a volver a su oscuro pasado de arena y sol abrasador, por lo que enviaron emisarios a los Dun\u00edes para establecer un nuevo acuerdo que les permitiese mejorar su situaci\u00f3n. <\/p>\n\n\n\n<p>Nadie sabe bien c\u00f3mo ocurri\u00f3, pues hay tantas historias como arena en el desierto. Unos dicen que en esa reuni\u00f3n la tensi\u00f3n fue creciendo hasta que los Dun\u00edes fueron los primeros en atacar. Otros, que fueron los Om\u00e1s los que, cegados por la envidia y el rencor, desenvainaron primero. <\/p>\n\n\n\n<p>Lo que s\u00ed se sabe es que nunca llegaron a un acuerdo y que, fuesen unos u otros, las negociaciones se tornaron un ba\u00f1o de sangre en el que varios hijos del Gran Ataraj Pari Dorel y el rey de los Dun\u00edes, Dar Abu I, acabaron muriendo apu\u00f1alados. <\/p>\n\n\n\n<p>Entre ambas familias se inici\u00f3 una guerra sin cuartel que durar\u00eda a\u00f1os. Fueron muchos los que murieron y mucho lo que se perdi\u00f3, hasta que el Emperador Daroul, t\u00edo de la Emperatriz Dunia, logr\u00f3 firmar un acuerdo de paz mediante el que se ced\u00eda una parte del desierto a los Om\u00e1s, en la que el Imperio no tendr\u00eda poder y que se regir\u00eda por sus propias leyes, mientras que ante el Concilio ser\u00eda Daroul el \u00fanico representante, siendo obligatorio para los Om\u00e1s acatar lo acordado en los Concilios de Ungidos y Regentes. Adem\u00e1s, ambos bandos se compromet\u00edan a no agredirse e, incluso, a socorrerse en caso de ataque exterior. <\/p>\n\n\n\n<p>Muchos mostraron su descontento en ambos bandos ante dichas concesiones, por lo que la paz nunca lleg\u00f3 a ser demasiado estable, dependiendo en gran medida de la buena relaci\u00f3n entre el Gran Ataraj &nbsp;Ueor y el Emperador Daroul. <\/p>\n\n\n\n<p>Tras la muerte de ambos, la paz entre los Om\u00e1s y el Imperio pende de un hilo\u2026<\/p>\n","protected":false},"excerpt":{"rendered":"<p>De todos los reinos que forman Ma\u2019oz, las Tierras Imperecederas son, sin duda, uno de los que m\u00e1s ha sufrido. Situado en mitad del desierto, a\u00f1os atr\u00e1s era habitado por tribus n\u00f3madas que habitaban en el desierto. Deambulaban por \u00e9l y lo conoc\u00edan como la palma de su mano. Una de esas tribus era conocida [&hellip;]<\/p>\n","protected":false},"author":1,"featured_media":169,"parent":0,"menu_order":0,"comment_status":"closed","ping_status":"closed","template":"","meta":{"footnotes":""},"yoast_head":"<!-- This site is optimized with the Yoast SEO plugin v22.5 - https:\/\/yoast.com\/wordpress\/plugins\/seo\/ -->\n<title>las tierras imperecederas del sur - J.F. Acroll<\/title>\n<meta name=\"robots\" content=\"index, follow, max-snippet:-1, max-image-preview:large, max-video-preview:-1\" \/>\n<link rel=\"canonical\" href=\"https:\/\/jfacroll.com\/index.php\/las-tierras-imperecederas-del-sur\/\" \/>\n<meta property=\"og:locale\" content=\"es_ES\" \/>\n<meta property=\"og:type\" content=\"article\" \/>\n<meta property=\"og:title\" content=\"las tierras imperecederas del sur - J.F. Acroll\" \/>\n<meta property=\"og:description\" content=\"De todos los reinos que forman Ma\u2019oz, las Tierras Imperecederas son, sin duda, uno de los que m\u00e1s ha sufrido. Situado en mitad del desierto, a\u00f1os atr\u00e1s era habitado por tribus n\u00f3madas que habitaban en el desierto. Deambulaban por \u00e9l y lo conoc\u00edan como la palma de su mano. Una de esas tribus era conocida [&hellip;]\" \/>\n<meta property=\"og:url\" content=\"https:\/\/jfacroll.com\/index.php\/las-tierras-imperecederas-del-sur\/\" \/>\n<meta property=\"og:site_name\" content=\"J.F. Acroll\" \/>\n<meta property=\"article:publisher\" content=\"https:\/\/twitter.com\/JFAcroll\" \/>\n<meta property=\"og:image\" content=\"https:\/\/jfacroll.com\/wp-content\/uploads\/2020\/05\/desert-4939663_960_720.jpg\" \/>\n\t<meta property=\"og:image:width\" content=\"960\" \/>\n\t<meta property=\"og:image:height\" content=\"540\" \/>\n\t<meta property=\"og:image:type\" content=\"image\/jpeg\" \/>\n<meta name=\"twitter:card\" content=\"summary_large_image\" \/>\n<meta name=\"twitter:site\" content=\"@JFAcroll\" \/>\n<meta name=\"twitter:label1\" content=\"Tiempo de lectura\" \/>\n\t<meta name=\"twitter:data1\" content=\"4 minutos\" \/>\n<script type=\"application\/ld+json\" class=\"yoast-schema-graph\">{\"@context\":\"https:\/\/schema.org\",\"@graph\":[{\"@type\":\"WebPage\",\"@id\":\"https:\/\/jfacroll.com\/index.php\/las-tierras-imperecederas-del-sur\/\",\"url\":\"https:\/\/jfacroll.com\/index.php\/las-tierras-imperecederas-del-sur\/\",\"name\":\"las tierras imperecederas del sur - J.F. Acroll\",\"isPartOf\":{\"@id\":\"https:\/\/jfacroll.com\/#website\"},\"primaryImageOfPage\":{\"@id\":\"https:\/\/jfacroll.com\/index.php\/las-tierras-imperecederas-del-sur\/#primaryimage\"},\"image\":{\"@id\":\"https:\/\/jfacroll.com\/index.php\/las-tierras-imperecederas-del-sur\/#primaryimage\"},\"thumbnailUrl\":\"https:\/\/jfacroll.com\/wp-content\/uploads\/2020\/05\/desert-4939663_960_720.jpg\",\"datePublished\":\"2020-05-26T14:59:48+00:00\",\"dateModified\":\"2020-05-26T14:59:48+00:00\",\"breadcrumb\":{\"@id\":\"https:\/\/jfacroll.com\/index.php\/las-tierras-imperecederas-del-sur\/#breadcrumb\"},\"inLanguage\":\"es\",\"potentialAction\":[{\"@type\":\"ReadAction\",\"target\":[\"https:\/\/jfacroll.com\/index.php\/las-tierras-imperecederas-del-sur\/\"]}]},{\"@type\":\"ImageObject\",\"inLanguage\":\"es\",\"@id\":\"https:\/\/jfacroll.com\/index.php\/las-tierras-imperecederas-del-sur\/#primaryimage\",\"url\":\"https:\/\/jfacroll.com\/wp-content\/uploads\/2020\/05\/desert-4939663_960_720.jpg\",\"contentUrl\":\"https:\/\/jfacroll.com\/wp-content\/uploads\/2020\/05\/desert-4939663_960_720.jpg\",\"width\":960,\"height\":540,\"caption\":\"Tierras Imperecederas del Sur\"},{\"@type\":\"BreadcrumbList\",\"@id\":\"https:\/\/jfacroll.com\/index.php\/las-tierras-imperecederas-del-sur\/#breadcrumb\",\"itemListElement\":[{\"@type\":\"ListItem\",\"position\":1,\"name\":\"Home\",\"item\":\"https:\/\/jfacroll.com\/\"},{\"@type\":\"ListItem\",\"position\":2,\"name\":\"las tierras imperecederas del sur\"}]},{\"@type\":\"WebSite\",\"@id\":\"https:\/\/jfacroll.com\/#website\",\"url\":\"https:\/\/jfacroll.com\/\",\"name\":\"J.F. Acroll\",\"description\":\"Bienvenidos a Ma&#039;oz\",\"potentialAction\":[{\"@type\":\"SearchAction\",\"target\":{\"@type\":\"EntryPoint\",\"urlTemplate\":\"https:\/\/jfacroll.com\/?s={search_term_string}\"},\"query-input\":\"required name=search_term_string\"}],\"inLanguage\":\"es\"}]}<\/script>\n<!-- \/ Yoast SEO plugin. -->","yoast_head_json":{"title":"las tierras imperecederas del sur - J.F. Acroll","robots":{"index":"index","follow":"follow","max-snippet":"max-snippet:-1","max-image-preview":"max-image-preview:large","max-video-preview":"max-video-preview:-1"},"canonical":"https:\/\/jfacroll.com\/index.php\/las-tierras-imperecederas-del-sur\/","og_locale":"es_ES","og_type":"article","og_title":"las tierras imperecederas del sur - J.F. Acroll","og_description":"De todos los reinos que forman Ma\u2019oz, las Tierras Imperecederas son, sin duda, uno de los que m\u00e1s ha sufrido. Situado en mitad del desierto, a\u00f1os atr\u00e1s era habitado por tribus n\u00f3madas que habitaban en el desierto. Deambulaban por \u00e9l y lo conoc\u00edan como la palma de su mano. Una de esas tribus era conocida [&hellip;]","og_url":"https:\/\/jfacroll.com\/index.php\/las-tierras-imperecederas-del-sur\/","og_site_name":"J.F. Acroll","article_publisher":"https:\/\/twitter.com\/JFAcroll","og_image":[{"width":960,"height":540,"url":"https:\/\/jfacroll.com\/wp-content\/uploads\/2020\/05\/desert-4939663_960_720.jpg","type":"image\/jpeg"}],"twitter_card":"summary_large_image","twitter_site":"@JFAcroll","twitter_misc":{"Tiempo de lectura":"4 minutos"},"schema":{"@context":"https:\/\/schema.org","@graph":[{"@type":"WebPage","@id":"https:\/\/jfacroll.com\/index.php\/las-tierras-imperecederas-del-sur\/","url":"https:\/\/jfacroll.com\/index.php\/las-tierras-imperecederas-del-sur\/","name":"las tierras imperecederas del sur - J.F. Acroll","isPartOf":{"@id":"https:\/\/jfacroll.com\/#website"},"primaryImageOfPage":{"@id":"https:\/\/jfacroll.com\/index.php\/las-tierras-imperecederas-del-sur\/#primaryimage"},"image":{"@id":"https:\/\/jfacroll.com\/index.php\/las-tierras-imperecederas-del-sur\/#primaryimage"},"thumbnailUrl":"https:\/\/jfacroll.com\/wp-content\/uploads\/2020\/05\/desert-4939663_960_720.jpg","datePublished":"2020-05-26T14:59:48+00:00","dateModified":"2020-05-26T14:59:48+00:00","breadcrumb":{"@id":"https:\/\/jfacroll.com\/index.php\/las-tierras-imperecederas-del-sur\/#breadcrumb"},"inLanguage":"es","potentialAction":[{"@type":"ReadAction","target":["https:\/\/jfacroll.com\/index.php\/las-tierras-imperecederas-del-sur\/"]}]},{"@type":"ImageObject","inLanguage":"es","@id":"https:\/\/jfacroll.com\/index.php\/las-tierras-imperecederas-del-sur\/#primaryimage","url":"https:\/\/jfacroll.com\/wp-content\/uploads\/2020\/05\/desert-4939663_960_720.jpg","contentUrl":"https:\/\/jfacroll.com\/wp-content\/uploads\/2020\/05\/desert-4939663_960_720.jpg","width":960,"height":540,"caption":"Tierras Imperecederas del Sur"},{"@type":"BreadcrumbList","@id":"https:\/\/jfacroll.com\/index.php\/las-tierras-imperecederas-del-sur\/#breadcrumb","itemListElement":[{"@type":"ListItem","position":1,"name":"Home","item":"https:\/\/jfacroll.com\/"},{"@type":"ListItem","position":2,"name":"las tierras imperecederas del sur"}]},{"@type":"WebSite","@id":"https:\/\/jfacroll.com\/#website","url":"https:\/\/jfacroll.com\/","name":"J.F. Acroll","description":"Bienvenidos a Ma&#039;oz","potentialAction":[{"@type":"SearchAction","target":{"@type":"EntryPoint","urlTemplate":"https:\/\/jfacroll.com\/?s={search_term_string}"},"query-input":"required name=search_term_string"}],"inLanguage":"es"}]}},"_links":{"self":[{"href":"https:\/\/jfacroll.com\/index.php\/wp-json\/wp\/v2\/pages\/168"}],"collection":[{"href":"https:\/\/jfacroll.com\/index.php\/wp-json\/wp\/v2\/pages"}],"about":[{"href":"https:\/\/jfacroll.com\/index.php\/wp-json\/wp\/v2\/types\/page"}],"author":[{"embeddable":true,"href":"https:\/\/jfacroll.com\/index.php\/wp-json\/wp\/v2\/users\/1"}],"replies":[{"embeddable":true,"href":"https:\/\/jfacroll.com\/index.php\/wp-json\/wp\/v2\/comments?post=168"}],"version-history":[{"count":2,"href":"https:\/\/jfacroll.com\/index.php\/wp-json\/wp\/v2\/pages\/168\/revisions"}],"predecessor-version":[{"id":171,"href":"https:\/\/jfacroll.com\/index.php\/wp-json\/wp\/v2\/pages\/168\/revisions\/171"}],"wp:featuredmedia":[{"embeddable":true,"href":"https:\/\/jfacroll.com\/index.php\/wp-json\/wp\/v2\/media\/169"}],"wp:attachment":[{"href":"https:\/\/jfacroll.com\/index.php\/wp-json\/wp\/v2\/media?parent=168"}],"curies":[{"name":"wp","href":"https:\/\/api.w.org\/{rel}","templated":true}]}}