{"id":165,"date":"2020-05-26T14:55:18","date_gmt":"2020-05-26T14:55:18","guid":{"rendered":"http:\/\/jfacroll.com\/?page_id=165"},"modified":"2020-05-26T14:55:18","modified_gmt":"2020-05-26T14:55:18","slug":"la-selva-oratilla","status":"publish","type":"page","link":"https:\/\/jfacroll.com\/index.php\/la-selva-oratilla\/","title":{"rendered":"la selva oratilla"},"content":{"rendered":"\n<p>La humedad en la Selva Oratilla era excesiva para cualquiera que no se hubiese criado all\u00ed. Las amazonas se mezclaban con la selva como si fuesen una parte m\u00e1s de ella. Sent\u00edan la vida que bull\u00eda en ella, percibiendo los latidos de cada bestia, el rumor de los r\u00edos y el susurro del viento al hacer bailar las hojas de los \u00e1rboles. <\/p>\n\n\n\n<p>La Selva Oratilla es, sin duda, uno de los lugares m\u00e1s espectaculares de Ma\u2019oz. Algunos de los lugares m\u00e1s espectaculares son las cataratas del Irinae Ver Valduna, que en el idioma de las amazonas, conocido como Ioroe Ver Valduna (la voz de la Selva), significa \u201clos ojos de la Selva\u201d. All\u00ed, el r\u00edo desciende entre la monta\u00f1a formando cientos de peque\u00f1as cataratas que forman un estruendo comparable \u00fanicamente a mil bestias rugiendo. El r\u00edo continua su descenso, ya con las aguas m\u00e1s calmadas, hasta desembocar en el Ariane Ver Valduna (el coraz\u00f3n de la Selva). El tercer r\u00edo de la Selva es el Yantuca, mucho m\u00e1s calmado y caudaloso. <\/p>\n\n\n\n<p>Por lo general, las amazonas consideran que los r\u00edos son sus hermanos, al igual que el resto de los habitantes de la Selva. Por ello, es muy com\u00fan verlas junto al agua, nadando, remando en canoas para ir de un lugar a otro o descansando en sus orillas. No hay que confundirse, el hecho de que las amazonas consideren que las bestias son sus hermanas no quiere decir que no las cacen. Simplemente, cazan \u00fanicamente para satisfacer sus necesidades vitales. En cambio, si alguien osa atacar a cualquier habitante de la Selva Oratilla con alg\u00fan prop\u00f3sito diferente, hordas de las protectoras de la Selva se le echar\u00e1n encima y, creedme, no es bueno enfurecer a una amazona. <\/p>\n\n\n\n<p>Nadie conoce muy bien c\u00f3mo es la Selva por dentro, puesto que las amazonas no permiten el paso a nadie que no pertenezca a su pueblo. De hecho, se sabe que algunos han entrado, pero nunca han vuelto a ser vistos con vida. Se dice que si una mujer entra en la Selva, los r\u00edos, los \u00e1rboles y las bestias acabar\u00e1n obnubil\u00e1ndola y acabar\u00e1 convirti\u00e9ndose en una amazona. En cambio, si se trata de un hombre, muchos piensan que, si es lo suficientemente vigoroso y fuerte como para vencer en combate singular a una amazona, ser\u00e1 hecho prisionero para garantizar la supervivencia de las amazonas d\u00e1ndoles hijos. De igual manera, si los hijos son varones, se cree que las amazonas los abandonan a merced de las bestias en cualquier claro de la Selva. En cambio, si tienen la fortuna de ser ni\u00f1as, las acoger\u00e1n y criar\u00e1n como una amazona m\u00e1s. <\/p>\n\n\n\n<p>Nadie conoce a ciencia cierta cu\u00e1l es el don que hace que la Reina Tassa sea la Ungida del reino, puesto que no se suele dejar ver por lo general en los Concilios ni en eventos de otro tipo celebrados en el resto de reinos. Algunos dicen que la reina es el alma de la Selva y que, sin ella, todos los \u00e1rboles morir\u00edan, dejando desprotegidas a bestias, aves, rocas y r\u00edos. <\/p>\n\n\n\n<p>Lo cierto que es el enigma que rodea a la Selva Oratilla es tal que son muchos los que se sienten atra\u00eddos por ella. Algunos, locos e inconscientes, se aventuran por sus caminos, deseosos de descubrir los secretos de un reino m\u00edstico, antiguo e impasible al paso del tiempo. &nbsp;<\/p>\n","protected":false},"excerpt":{"rendered":"<p>La humedad en la Selva Oratilla era excesiva para cualquiera que no se hubiese criado all\u00ed. Las amazonas se mezclaban con la selva como si fuesen una parte m\u00e1s de ella. Sent\u00edan la vida que bull\u00eda en ella, percibiendo los latidos de cada bestia, el rumor de los r\u00edos y el susurro del viento al [&hellip;]<\/p>\n","protected":false},"author":1,"featured_media":166,"parent":0,"menu_order":0,"comment_status":"closed","ping_status":"closed","template":"","meta":{"footnotes":""},"yoast_head":"<!-- This site is optimized with the Yoast SEO plugin v22.5 - https:\/\/yoast.com\/wordpress\/plugins\/seo\/ -->\n<title>la selva oratilla - J.F. Acroll<\/title>\n<meta name=\"robots\" content=\"index, follow, max-snippet:-1, max-image-preview:large, max-video-preview:-1\" \/>\n<link rel=\"canonical\" href=\"https:\/\/jfacroll.com\/index.php\/la-selva-oratilla\/\" \/>\n<meta property=\"og:locale\" content=\"es_ES\" \/>\n<meta property=\"og:type\" content=\"article\" \/>\n<meta property=\"og:title\" content=\"la selva oratilla - J.F. Acroll\" \/>\n<meta property=\"og:description\" content=\"La humedad en la Selva Oratilla era excesiva para cualquiera que no se hubiese criado all\u00ed. Las amazonas se mezclaban con la selva como si fuesen una parte m\u00e1s de ella. Sent\u00edan la vida que bull\u00eda en ella, percibiendo los latidos de cada bestia, el rumor de los r\u00edos y el susurro del viento al [&hellip;]\" \/>\n<meta property=\"og:url\" content=\"https:\/\/jfacroll.com\/index.php\/la-selva-oratilla\/\" \/>\n<meta property=\"og:site_name\" content=\"J.F. Acroll\" \/>\n<meta property=\"article:publisher\" content=\"https:\/\/twitter.com\/JFAcroll\" \/>\n<meta property=\"og:image\" content=\"https:\/\/jfacroll.com\/wp-content\/uploads\/2020\/05\/rainforest-3810953_1920.jpg\" \/>\n\t<meta property=\"og:image:width\" content=\"1920\" \/>\n\t<meta property=\"og:image:height\" content=\"1280\" \/>\n\t<meta property=\"og:image:type\" content=\"image\/jpeg\" \/>\n<meta name=\"twitter:card\" content=\"summary_large_image\" \/>\n<meta name=\"twitter:site\" content=\"@JFAcroll\" \/>\n<meta name=\"twitter:label1\" content=\"Tiempo de lectura\" \/>\n\t<meta name=\"twitter:data1\" content=\"3 minutos\" \/>\n<script type=\"application\/ld+json\" class=\"yoast-schema-graph\">{\"@context\":\"https:\/\/schema.org\",\"@graph\":[{\"@type\":\"WebPage\",\"@id\":\"https:\/\/jfacroll.com\/index.php\/la-selva-oratilla\/\",\"url\":\"https:\/\/jfacroll.com\/index.php\/la-selva-oratilla\/\",\"name\":\"la selva oratilla - J.F. Acroll\",\"isPartOf\":{\"@id\":\"https:\/\/jfacroll.com\/#website\"},\"primaryImageOfPage\":{\"@id\":\"https:\/\/jfacroll.com\/index.php\/la-selva-oratilla\/#primaryimage\"},\"image\":{\"@id\":\"https:\/\/jfacroll.com\/index.php\/la-selva-oratilla\/#primaryimage\"},\"thumbnailUrl\":\"https:\/\/jfacroll.com\/wp-content\/uploads\/2020\/05\/rainforest-3810953_1920.jpg\",\"datePublished\":\"2020-05-26T14:55:18+00:00\",\"dateModified\":\"2020-05-26T14:55:18+00:00\",\"breadcrumb\":{\"@id\":\"https:\/\/jfacroll.com\/index.php\/la-selva-oratilla\/#breadcrumb\"},\"inLanguage\":\"es\",\"potentialAction\":[{\"@type\":\"ReadAction\",\"target\":[\"https:\/\/jfacroll.com\/index.php\/la-selva-oratilla\/\"]}]},{\"@type\":\"ImageObject\",\"inLanguage\":\"es\",\"@id\":\"https:\/\/jfacroll.com\/index.php\/la-selva-oratilla\/#primaryimage\",\"url\":\"https:\/\/jfacroll.com\/wp-content\/uploads\/2020\/05\/rainforest-3810953_1920.jpg\",\"contentUrl\":\"https:\/\/jfacroll.com\/wp-content\/uploads\/2020\/05\/rainforest-3810953_1920.jpg\",\"width\":1920,\"height\":1280,\"caption\":\"Selva oratilla\"},{\"@type\":\"BreadcrumbList\",\"@id\":\"https:\/\/jfacroll.com\/index.php\/la-selva-oratilla\/#breadcrumb\",\"itemListElement\":[{\"@type\":\"ListItem\",\"position\":1,\"name\":\"Home\",\"item\":\"https:\/\/jfacroll.com\/\"},{\"@type\":\"ListItem\",\"position\":2,\"name\":\"la selva oratilla\"}]},{\"@type\":\"WebSite\",\"@id\":\"https:\/\/jfacroll.com\/#website\",\"url\":\"https:\/\/jfacroll.com\/\",\"name\":\"J.F. Acroll\",\"description\":\"Bienvenidos a Ma&#039;oz\",\"potentialAction\":[{\"@type\":\"SearchAction\",\"target\":{\"@type\":\"EntryPoint\",\"urlTemplate\":\"https:\/\/jfacroll.com\/?s={search_term_string}\"},\"query-input\":\"required name=search_term_string\"}],\"inLanguage\":\"es\"}]}<\/script>\n<!-- \/ Yoast SEO plugin. -->","yoast_head_json":{"title":"la selva oratilla - J.F. Acroll","robots":{"index":"index","follow":"follow","max-snippet":"max-snippet:-1","max-image-preview":"max-image-preview:large","max-video-preview":"max-video-preview:-1"},"canonical":"https:\/\/jfacroll.com\/index.php\/la-selva-oratilla\/","og_locale":"es_ES","og_type":"article","og_title":"la selva oratilla - J.F. Acroll","og_description":"La humedad en la Selva Oratilla era excesiva para cualquiera que no se hubiese criado all\u00ed. Las amazonas se mezclaban con la selva como si fuesen una parte m\u00e1s de ella. Sent\u00edan la vida que bull\u00eda en ella, percibiendo los latidos de cada bestia, el rumor de los r\u00edos y el susurro del viento al [&hellip;]","og_url":"https:\/\/jfacroll.com\/index.php\/la-selva-oratilla\/","og_site_name":"J.F. Acroll","article_publisher":"https:\/\/twitter.com\/JFAcroll","og_image":[{"width":1920,"height":1280,"url":"https:\/\/jfacroll.com\/wp-content\/uploads\/2020\/05\/rainforest-3810953_1920.jpg","type":"image\/jpeg"}],"twitter_card":"summary_large_image","twitter_site":"@JFAcroll","twitter_misc":{"Tiempo de lectura":"3 minutos"},"schema":{"@context":"https:\/\/schema.org","@graph":[{"@type":"WebPage","@id":"https:\/\/jfacroll.com\/index.php\/la-selva-oratilla\/","url":"https:\/\/jfacroll.com\/index.php\/la-selva-oratilla\/","name":"la selva oratilla - J.F. Acroll","isPartOf":{"@id":"https:\/\/jfacroll.com\/#website"},"primaryImageOfPage":{"@id":"https:\/\/jfacroll.com\/index.php\/la-selva-oratilla\/#primaryimage"},"image":{"@id":"https:\/\/jfacroll.com\/index.php\/la-selva-oratilla\/#primaryimage"},"thumbnailUrl":"https:\/\/jfacroll.com\/wp-content\/uploads\/2020\/05\/rainforest-3810953_1920.jpg","datePublished":"2020-05-26T14:55:18+00:00","dateModified":"2020-05-26T14:55:18+00:00","breadcrumb":{"@id":"https:\/\/jfacroll.com\/index.php\/la-selva-oratilla\/#breadcrumb"},"inLanguage":"es","potentialAction":[{"@type":"ReadAction","target":["https:\/\/jfacroll.com\/index.php\/la-selva-oratilla\/"]}]},{"@type":"ImageObject","inLanguage":"es","@id":"https:\/\/jfacroll.com\/index.php\/la-selva-oratilla\/#primaryimage","url":"https:\/\/jfacroll.com\/wp-content\/uploads\/2020\/05\/rainforest-3810953_1920.jpg","contentUrl":"https:\/\/jfacroll.com\/wp-content\/uploads\/2020\/05\/rainforest-3810953_1920.jpg","width":1920,"height":1280,"caption":"Selva oratilla"},{"@type":"BreadcrumbList","@id":"https:\/\/jfacroll.com\/index.php\/la-selva-oratilla\/#breadcrumb","itemListElement":[{"@type":"ListItem","position":1,"name":"Home","item":"https:\/\/jfacroll.com\/"},{"@type":"ListItem","position":2,"name":"la selva oratilla"}]},{"@type":"WebSite","@id":"https:\/\/jfacroll.com\/#website","url":"https:\/\/jfacroll.com\/","name":"J.F. Acroll","description":"Bienvenidos a Ma&#039;oz","potentialAction":[{"@type":"SearchAction","target":{"@type":"EntryPoint","urlTemplate":"https:\/\/jfacroll.com\/?s={search_term_string}"},"query-input":"required name=search_term_string"}],"inLanguage":"es"}]}},"_links":{"self":[{"href":"https:\/\/jfacroll.com\/index.php\/wp-json\/wp\/v2\/pages\/165"}],"collection":[{"href":"https:\/\/jfacroll.com\/index.php\/wp-json\/wp\/v2\/pages"}],"about":[{"href":"https:\/\/jfacroll.com\/index.php\/wp-json\/wp\/v2\/types\/page"}],"author":[{"embeddable":true,"href":"https:\/\/jfacroll.com\/index.php\/wp-json\/wp\/v2\/users\/1"}],"replies":[{"embeddable":true,"href":"https:\/\/jfacroll.com\/index.php\/wp-json\/wp\/v2\/comments?post=165"}],"version-history":[{"count":1,"href":"https:\/\/jfacroll.com\/index.php\/wp-json\/wp\/v2\/pages\/165\/revisions"}],"predecessor-version":[{"id":167,"href":"https:\/\/jfacroll.com\/index.php\/wp-json\/wp\/v2\/pages\/165\/revisions\/167"}],"wp:featuredmedia":[{"embeddable":true,"href":"https:\/\/jfacroll.com\/index.php\/wp-json\/wp\/v2\/media\/166"}],"wp:attachment":[{"href":"https:\/\/jfacroll.com\/index.php\/wp-json\/wp\/v2\/media?parent=165"}],"curies":[{"name":"wp","href":"https:\/\/api.w.org\/{rel}","templated":true}]}}